{"id":102,"date":"2015-01-21T04:38:43","date_gmt":"2015-01-21T04:38:43","guid":{"rendered":"http:\/\/brezmadezna.com\/sl\/?page_id=102"},"modified":"2015-06-12T16:27:26","modified_gmt":"2015-06-12T16:27:26","slug":"argentina","status":"publish","type":"page","link":"https:\/\/brezmadezna.com\/sl\/hise\/argentina\/","title":{"rendered":"Argentina"},"content":{"rendered":"<h5>Lazaristi<\/h5>\n<p><img loading=\"lazy\" decoding=\"async\" class=\" alignright\" src=\"https:\/\/brezmadezna.com\/md\/arg\/Lanusa.jpg\" alt=\"\" width=\"360\" height=\"253\" align=\"right\" border=\"0\" \/><\/p>\n<p>Mons. Juan Hladnik 40291826 Remedios de Escalada<br \/>\n(Prov. Bienos Aires)<br \/>\nTel.: (1) 267-1081; 267-1084<br \/>\nFax: (1) 267-1223<br \/>\n@: cmbaraga@infovia.com.ar<\/p>\n<h5>\u00a0Lanus<\/h5>\n<p>Po drugi svetovni vojni so med mno\u017eico slovenskih beguncev na\u0161li novo domovino v Argentini tudi nekateri duhovniki Misijonske dru\u017ebe, lazarast, ki so dobili streho pri argentinskih sobratih. Tako jim je bilo la\u017eje duhovno skrbeti za rojake, ki so pri\u0161li v nov in tuj svet.<\/p>\n<p>V Argentini je bila mo\u010dna slovenska skupnost \u017ee pred drugo svetovno vojno. Duhovno jih jih je oskrboval g. Janez Hladnik, ki je imel velik ugled pri civilnih oblasteh v Buenos Airesu. Danes nosi cesta, kjer je slovenska cerkev, ime tega gospoda: Mons Juan Hladnik.<\/p>\n<h4>\u00a0<strong>Hi\u0161a: <\/strong><\/h4>\n<p>Del Lanusa, ki je predmestje Buenos Airesa, imenujejo tudi <em>Slovesnka vas.<\/em> Tu so si po Hladnikovem posredovanju mnogi rojaki kupili parcele in postavili hi\u0161e. Tu so se 24. 12. 1956 naselili g. Ladislav Len\u010dek in brat Janez Grabnar (oba \u017ee pokojna) ter gg. Franc Buh in Janez Petek, da bi skrbeli za rojake.<\/p>\n<p><strong>Cerkev: <\/strong><\/p>\n<p>Leta 1957 so se za\u0161eli graditi hi\u0161o za misijonarje in cekev. Hi\u0161a je bila dograjena leta 1958, cerkev Marije Kraljice pa 1959; leta 1968 so jo temeljito obnovili. To je prva slovenska cerkev v Ju\u017eni Ameriki.<\/p>\n<p><strong>\u0160ola in zavod: <\/strong><\/p>\n<p>Da bi mladi rod la\u017eje ohranjal dedi\u0161\u010dino svojih prednikov, je bila ustanovljena Slovenska \u0161ola. Da bi bolj pomagali doma\u010dinom, je bila ustanovljena dr\u017eavno pravna \u017eupnijska \u0161ola. Za pouk je bilo treba zgraditi poslopje. Tako je gradnja \u0161ole potekala v ve\u010d etapah: prvi del \u0161olske zgradbe leta 1962; drugi del 1968; treji del 1975; \u0161portna dvorana 1977\/78; pokriti plavalni bazen 1981; Misijonski zavod 1967 ( ki je bil od leta 1958 do 1966 v hi\u0161i misijonarjev).<\/p>\n<p>Misijonski zavod je prenehal z delovanjem leta 1987 in bil leta 1995 spremnjen v tehni\u010dno \u0161olo. Leta 1991 so na pode\u017eelju ju\u017eno od mesta kupili zemlji\u0161\u010de, kjer je pristava z velikim plavalnim bazenom in protori za rekreacijo.<\/p>\n<p><strong>Tiskarna: <\/strong><\/p>\n<p>Gospod Len\u0161ek je takoj po prihodu v Argentino za\u010del z izdajanjem Katoli\u0161kih misijonov, ki so do konca druge svetovne vojne izhajali v Slovenij (danes so jih v Sloveniji nasledila \u00bbMisijonska obzorja\u00ab). Ob organizirani \u017eupniji in \u0161oli je bila za potrebe kultunega \u017eivljenja leta 1976 zgrajena tiskarna.<\/p>\n<p><strong>Starostni dom: <\/strong><\/p>\n<p>Tudi na svoje starej\u0161e rojake niso pozabili. Starostni dom so gradili v dveh obdobjih: leta 1979 prvo nadstropje in 1982 drugo nadstropje. Od leta 1979 do 2000 so v Domu delovale Marijine sestre \u010dudodelne svetinje.<\/p>\n<p>\u017dupniki &#8211; lazaristi:<\/p>\n<ol>\n<li>Janez Petek od leta 1956 do 1973, prvi vikar &#8211; \u017eupnik<\/li>\n<li>Andrej Prebil od 1973 do 1975;<\/li>\n<li>Janez Petek od 1976 do 1983;<\/li>\n<li>Jo\u017ee Bokali\u010d od 1984.<\/li>\n<\/ol>\n<p>Duhovniki &#8211; lazaristi, ki so pomagali v du\u0161nopastirskem in vzgojnem delu: Ladislav Len\u010dek, Jo\u017ee Meja\u010d, Ivan Jan, Tine Vre\u010dar, Franc Reber\u0161ak, Franc Buh, Franc Sodja, Jakob Barle, Marko Cukjati, Franci Pavli\u010d in danes Janez Cerar.<\/p>\n<h4 style=\"text-align: left;\">San Carlos de Bariloche<img loading=\"lazy\" decoding=\"async\" class=\" alignright\" src=\"https:\/\/brezmadezna.com\/md\/arg\/Barilochea.jpg\" alt=\"\" width=\"391\" height=\"267\" align=\"right\" border=\"0\" \/><\/h4>\n<p>Branko Jan, C.M.<br \/>\nC.C. 907<br \/>\n8400 San Carlos de Bariloche<br \/>\n(Prov. Rio Negro)<br \/>\nTel.: (944) 274-11<br \/>\nFax: (944) 265-06<br \/>\n@: Branko@bariloche.com.ar<\/p>\n<p>Gospod Branko Jan se je leta 1986 &#8211; po kon\u010danem \u0161tudiju teologije in pastoralni praksi v Slovenije &#8211; vrnil v Argentino; rojen je bil v Buenos Airesu.<\/p>\n<p>V San Carlos de Bariloche (ali kratko Bariloche) \u017eivi dejavna slovenska skupnost. Nekateri od rojakov so se v tem turisti\u0161nem kraju proslavili kot smu\u0161arji in planinci, plezalci. Preplezali so nekatere gorske vrhove v Patagoniji, ki so bili do srednjih petdesetih let neosvojljivi.<\/p>\n<p>Ti rojaki so si \u017eeleli slovenskega duhovnika. Tako se je g. Jan odlo\u010dil za Bariloche takoj po vrnitvi v Argentino leta 1986. Ker je slovenska skupnost majhna, je prevzel v upravo revno \u017eupnijo z barakarskimi naselji v predmestju Bariloch, tudi cerkev je bila baraka. Ker je zelo delaven in podjeten, je uspel v rekordnem \u010dasu zgraditi lepo cerkev in \u017eupnijski dom. Ob delu na tej \u017eupniji duhovno oskrbuje tudi slovensko srenjo.<\/p>\n","protected":false},"excerpt":{"rendered":"<p>Lazaristi Mons. Juan Hladnik 40291826 Remedios de Escalada (Prov. Bienos Aires) Tel.: (1) 267-1081; 267-1084 Fax: (1) 267-1223 @: cmbaraga@infovia.com.ar \u00a0Lanus Po drugi svetovni vojni so med mno\u017eico slovenskih beguncev na\u0161li novo domovino v Argentini tudi nekateri duhovniki Misijonske dru\u017ebe, lazarast, ki so dobili streho pri argentinskih sobratih. Tako jim je bilo la\u017eje duhovno skrbeti &hellip; <a href=\"https:\/\/brezmadezna.com\/sl\/hise\/argentina\/\" class=\"more-link\">Continue reading <span class=\"screen-reader-text\">Argentina<\/span><\/a><\/p>\n","protected":false},"author":1,"featured_media":0,"parent":108,"menu_order":0,"comment_status":"closed","ping_status":"closed","template":"","meta":{"footnotes":""},"class_list":["post-102","page","type-page","status-publish","hentry"],"_links":{"self":[{"href":"https:\/\/brezmadezna.com\/sl\/wp-json\/wp\/v2\/pages\/102","targetHints":{"allow":["GET"]}}],"collection":[{"href":"https:\/\/brezmadezna.com\/sl\/wp-json\/wp\/v2\/pages"}],"about":[{"href":"https:\/\/brezmadezna.com\/sl\/wp-json\/wp\/v2\/types\/page"}],"author":[{"embeddable":true,"href":"https:\/\/brezmadezna.com\/sl\/wp-json\/wp\/v2\/users\/1"}],"replies":[{"embeddable":true,"href":"https:\/\/brezmadezna.com\/sl\/wp-json\/wp\/v2\/comments?post=102"}],"version-history":[{"count":1,"href":"https:\/\/brezmadezna.com\/sl\/wp-json\/wp\/v2\/pages\/102\/revisions"}],"predecessor-version":[{"id":532,"href":"https:\/\/brezmadezna.com\/sl\/wp-json\/wp\/v2\/pages\/102\/revisions\/532"}],"up":[{"embeddable":true,"href":"https:\/\/brezmadezna.com\/sl\/wp-json\/wp\/v2\/pages\/108"}],"wp:attachment":[{"href":"https:\/\/brezmadezna.com\/sl\/wp-json\/wp\/v2\/media?parent=102"}],"curies":[{"name":"wp","href":"https:\/\/api.w.org\/{rel}","templated":true}]}}