{"id":108,"date":"2015-01-21T04:59:04","date_gmt":"2015-01-21T04:59:04","guid":{"rendered":"http:\/\/brezmadezna.com\/sl\/?page_id=108"},"modified":"2015-01-21T04:59:04","modified_gmt":"2015-01-21T04:59:04","slug":"hise","status":"publish","type":"page","link":"https:\/\/brezmadezna.com\/sl\/hise\/","title":{"rendered":"Na\u0161e hi\u0161e"},"content":{"rendered":"<figure style=\"width: 300px\" class=\"wp-caption alignnone\"><a href=\"https:\/\/brezmadezna.com\/sl\/hise\/ljubljana\/\"><img loading=\"lazy\" decoding=\"async\" src=\"https:\/\/brezmadezna.com\/md\/lj\/LJ1a.jpg\" alt=\"\" width=\"300\" height=\"193\" \/><\/a><figcaption class=\"wp-caption-text\">Misijonska hi\u0161a Ljubljana<\/figcaption><\/figure>\n<p>&nbsp;<\/p>\n<figure style=\"width: 300px\" class=\"wp-caption alignnone\"><a href=\"http:\/\/www.jozef.si\/\" target=\"_blank\"><img loading=\"lazy\" decoding=\"async\" src=\"https:\/\/brezmadezna.com\/md\/ce\/celje.jpg\" alt=\"\" width=\"300\" height=\"200\" \/><\/a><figcaption class=\"wp-caption-text\">Sv. Jo\u017eef nad Celjem<\/figcaption><\/figure>\n<p>&nbsp;<\/p>\n<figure style=\"width: 354px\" class=\"wp-caption alignnone\"><img loading=\"lazy\" decoding=\"async\" src=\"https:\/\/brezmadezna.com\/md\/stj\/sentjakob%20okolica.jpg\" alt=\"\" width=\"354\" height=\"134\" \/><figcaption class=\"wp-caption-text\">\u0160entjakob ob Savi<\/figcaption><\/figure>\n<p>&nbsp;<\/p>\n<figure style=\"width: 284px\" class=\"wp-caption alignnone\"><a href=\"http:\/\/www.mirenski-grad.si\/\" target=\"_blank\"><img loading=\"lazy\" decoding=\"async\" src=\"https:\/\/brezmadezna.com\/md\/mi\/mirengrad.jpg\" alt=\"\" width=\"284\" height=\"150\" \/><\/a><figcaption class=\"wp-caption-text\">Mirenski Grad<\/figcaption><\/figure>\n<p>&nbsp;<\/p>\n<figure style=\"width: 241px\" class=\"wp-caption alignnone\"><a href=\"https:\/\/brezmadezna.com\/sl\/hise\/zagreb\/\"><img loading=\"lazy\" decoding=\"async\" src=\"https:\/\/brezmadezna.com\/md\/zg\/Zagreba.jpg\" alt=\"\" width=\"241\" height=\"169\" \/><\/a><figcaption class=\"wp-caption-text\">Zagreb<\/figcaption><\/figure>\n<p>&nbsp;<\/p>\n<figure style=\"width: 300px\" class=\"wp-caption alignnone\"><a href=\"https:\/\/brezmadezna.com\/sl\/hise\/beograd\/\"><img loading=\"lazy\" decoding=\"async\" src=\"https:\/\/brezmadezna.com\/md\/jug\/cerkev_hisaa.jpg\" alt=\"Po\u017ee\u0161ka cerkev in hi\u0161a\" width=\"300\" height=\"198\" \/><\/a><figcaption class=\"wp-caption-text\">\u017dupnija Sv. Cirila in Metoda &#8211; Beograd<\/figcaption><\/figure>\n<p>&nbsp;<\/p>\n<figure style=\"width: 250px\" class=\"wp-caption alignnone\"><a href=\"http:\/\/www.ourladyofmm.com\/index.html\" target=\"_blank\"><img loading=\"lazy\" decoding=\"async\" src=\"https:\/\/brezmadezna.com\/toronto\/brez\/cerkev.jpg\" alt=\"Brezmade\u017ena - New Toronto\" width=\"250\" height=\"188\" \/><\/a><figcaption class=\"wp-caption-text\">Brezmade\u017ena s \u010dudodelno svetinjo<\/figcaption><\/figure>\n<p>&nbsp;<\/p>\n<figure style=\"width: 263px\" class=\"wp-caption alignnone\"><a href=\"https:\/\/brezmadezna.com\/sl\/hise\/argentina\/\"><img loading=\"lazy\" decoding=\"async\" src=\"https:\/\/brezmadezna.com\/md\/arg\/Lanusa.jpg\" alt=\"\" width=\"263\" height=\"184\" \/><\/a><figcaption class=\"wp-caption-text\">LANUS<\/figcaption><\/figure>\n<p>&nbsp;<\/p>\n<figure style=\"width: 263px\" class=\"wp-caption alignnone\"><a href=\"https:\/\/brezmadezna.com\/sl\/hise\/argentina\/\"><img loading=\"lazy\" decoding=\"async\" src=\"https:\/\/brezmadezna.com\/md\/arg\/Barilochea.jpg\" alt=\"\" width=\"263\" height=\"179\" \/><\/a><figcaption class=\"wp-caption-text\">San Carlos de Bariloche<\/figcaption><\/figure>\n<p>&nbsp;<\/p>\n<p>&nbsp;<\/p>\n<p>&nbsp;<\/p>\n","protected":false},"excerpt":{"rendered":"<p>&nbsp; &nbsp; &nbsp; &nbsp; &nbsp; &nbsp; &nbsp; &nbsp; &nbsp; &nbsp; &nbsp;<\/p>\n","protected":false},"author":1,"featured_media":0,"parent":0,"menu_order":0,"comment_status":"closed","ping_status":"closed","template":"","meta":{"footnotes":""},"class_list":["post-108","page","type-page","status-publish","hentry"],"_links":{"self":[{"href":"https:\/\/brezmadezna.com\/sl\/wp-json\/wp\/v2\/pages\/108","targetHints":{"allow":["GET"]}}],"collection":[{"href":"https:\/\/brezmadezna.com\/sl\/wp-json\/wp\/v2\/pages"}],"about":[{"href":"https:\/\/brezmadezna.com\/sl\/wp-json\/wp\/v2\/types\/page"}],"author":[{"embeddable":true,"href":"https:\/\/brezmadezna.com\/sl\/wp-json\/wp\/v2\/users\/1"}],"replies":[{"embeddable":true,"href":"https:\/\/brezmadezna.com\/sl\/wp-json\/wp\/v2\/comments?post=108"}],"version-history":[{"count":0,"href":"https:\/\/brezmadezna.com\/sl\/wp-json\/wp\/v2\/pages\/108\/revisions"}],"wp:attachment":[{"href":"https:\/\/brezmadezna.com\/sl\/wp-json\/wp\/v2\/media?parent=108"}],"curies":[{"name":"wp","href":"https:\/\/api.w.org\/{rel}","templated":true}]}}