{"id":125,"date":"2015-01-21T07:47:35","date_gmt":"2015-01-21T07:47:35","guid":{"rendered":"http:\/\/brezmadezna.com\/sl\/?page_id=125"},"modified":"2015-01-21T07:47:35","modified_gmt":"2015-01-21T07:47:35","slug":"otroci-brez","status":"publish","type":"page","link":"https:\/\/brezmadezna.com\/sl\/otroci-brez\/","title":{"rendered":"OTROCI BREZMADE\u017dNE"},"content":{"rendered":"<p>Bog je na\u0161 nebe\u0161ki O\u010de. Marija, Jezusova mati, je pod kri\u017eem na Kalvariji postala tudi na\u0161a nebe\u0161ka Mati. Po svetem krstu smo postali Bo\u017eji in s tem tudi <strong>Marijini otroci.<\/strong><\/p>\n<p>Versko resnico, da je Devica Marija brez made\u017ea spo\u010deta, je razglasil pape\u017e Pij IX., leta 1854. Marija sama je pripravljala ljudi na sprejem te resnice. 27. novembra 1830 se je prikazala sestri Katarini Labore, usmiljenki, v Parizu in ji naro\u010dila, naj poskrbi za kovanje <strong>svetinje <\/strong>po vzorcu, ki ga je sama pokazala. Sveta Devica ji je rekla: <em>\u00bbDaj kovati svetinjo po tem vzorcu. Vsi, ki jo bodo z zaupanjem nosili, bodo dele\u017e-ni velikih milosti\u2026\u00ab <\/em>Svetinja se je naglo \u0161irila po vsem svetu. Ljudje, ki so jo sprejeli in jo nosili ter se priporo\u010dali Mariji, so bili dele\u017eni najrazli\u010dnej\u0161ih milosti, za katere so prosili. Godili so se \u010dude\u017ei, du-hovna in telesna ozdravljenja\u2026 Ljudje sami so \u00a0 prav kmalu za\u010deli imenovati to preprosto znamenje <strong>\u00bb\u010dudodelna svetinja\u00ab<\/strong>.<\/p>\n<p>Resnico o svojem brezmade\u017enem spo\u010detju je potrdila Marija sama, ko se je 25. marca 1858 prikazala Bernardki Soubirous v Lurdu. Bernard-ka je namre\u010d nosila svetinjo z Marijino podobo okoli vratu. Po prika-zanju je izjavila: <em>\u00bbGospa v votlini se mi je prikazala tak\u0161na, kot jo predstavlja \u010dudodelna svetinja\u00ab.<\/em><\/p>\n<p>Marija vabi tudi danes. Vabi in kli\u010de slehernega od nas, naj postanemo <strong>njeni otroci<\/strong>, <strong>OTROCI BREZMADE\u017dNE. <\/strong>Otrok Brezmade\u017ene more postati vsak, ki priznava Marijo za bo\u017ejo in na\u0161o mater. Ona je prva, ki moli za nas in z nami. Nenehno posreduje za svoje otroke pri svojem Sinu Jezusu. To pomenijo tudi \u017earki, ki padajo iz njenih rok na zemeljsko oblo. Marija, srednica vseh milosti, nas spodbuja k zaupni molitvi in udele\u017ebi pri sveti evharistiji.<\/p>\n<p>&nbsp;<\/p>\n<h1><img loading=\"lazy\" decoding=\"async\" src=\"https:\/\/brezmadezna.com\/md\/ce\/smartno\/slika%201a.jpg\" alt=\"\" width=\"200\" height=\"317\" align=\"right\" border=\"0\" hspace=\"12\" \/>\u017delim postati in biti OTROK BREZMADE\u017dNE.<\/h1>\n<p>Zato:<\/p>\n<p>&#8211; nosim pri sebi podobo Marije s \u010dudodelno svetinjo<\/p>\n<p>&#8211; vsak dan molim: <strong>\u00bbO Marija, brez made\u017ea spo\u010deta, prosi za nas, ki se k tebi zatekamo.\u00ab<\/strong><\/p>\n<p>&#8211; ne preklinjam Boga, Marije in svetnikov<\/p>\n<p>&#8211; sem ob nedeljah pri sv. ma\u0161i in se trudim za prejem sv. obhajila<\/p>\n<p>&#8211; molim in si prizadevam za mir v dru\u017eini in v okolici<\/p>\n<p>&#8211; udele\u017eujem se sre\u010danj \u00bbOtroci Brezmade\u017ene\u00ab.<\/p>\n<p>&nbsp;<\/p>\n<p>\u010ce se \u017eelite pridru\u017eiti Otrokom Brezmade\u017ene, si prizadevajte uresni\u010diti zgornje obljube.<\/p>\n<p>&nbsp;<\/p>\n<p>Izpolnite prilo\u017eeno prijavnico in jo po\u0161ljite na naslov:<\/p>\n<p>Otroci Brezmade\u017ene, Ple\u010dnikova 29, 3000 Celje<\/p>\n<p>&nbsp;<\/p>\n<p>Poslali Vam bomo \u010dudodelno svetinjo in pristopno podobico.<\/p>\n<p><img loading=\"lazy\" decoding=\"async\" class=\" alignright\" src=\"https:\/\/brezmadezna.com\/md\/ce\/smartno\/slika%203a.jpg\" alt=\"\" width=\"181\" height=\"212\" align=\"right\" border=\"0\" \/><\/p>\n<p><strong>Otroci Brezmade\u017ene &#8211; PRIJAVNICA<\/strong><\/p>\n<p>ime \u2026\u2026\u2026&#8230;&#8230;&#8230;.\u2026\u2026\u2026 priimek &#8230;&#8230;\u2026\u2026\u2026\u2026\u2026\u2026\u2026\u2026\u2026<\/p>\n<p>leto rojstva \u2026\u2026\u2026\u2026\u2026<\/p>\n<p>poklic\u2026\u2026\u2026\u2026\u2026\u2026\u2026&#8230;&#8230;&#8230;&#8230;&#8230;&#8230;&#8230;.\u2026\u2026\u2026\u2026\u2026\u2026<\/p>\n<p>stan\u2026\u2026\u2026\u2026\u2026\u2026.<\/p>\n<p>naslov\u2026\u2026\u2026\u2026\u2026\u2026\u2026&#8230;&#8230;&#8230;&#8230;&#8230;&#8230;&#8230;&#8230;&#8230;&#8230;\u2026\u2026\u2026\u2026\u2026&#8230;\u2026\u2026\u2026\u2026\u2026\u2026\u2026<\/p>\n<p>po\u0161ta &#8230;&#8230;&#8230;&#8230;&#8230;&#8230;&#8230;..\u2026\u2026\u2026\u2026\u2026\u2026\u2026\u2026\u2026\u2026\u2026&#8230;&#8230;&#8230;&#8230;&#8230;&#8230;&#8230;&#8230;&#8230;&#8230;&#8230;&#8230;.<\/p>\n<p>telefon &#8230;&#8230;&#8230;&#8230;&#8230;&#8230;&#8230;&#8230;&#8230;&#8230;&#8230;&#8230;&#8230;&#8230;&#8230;&#8230;&#8230;&#8230;&#8230;&#8230;&#8230;&#8230;..\u2026\u2026\u2026\u2026\u2026\u2026\u2026\u2026.<\/p>\n<p>&nbsp;<\/p>\n<p>Datum:\u00a0\u00a0\u00a0\u00a0\u00a0\u00a0\u00a0\u00a0\u00a0\u00a0\u00a0\u00a0\u00a0\u00a0\u00a0\u00a0\u00a0\u00a0\u00a0\u00a0\u00a0\u00a0\u00a0\u00a0\u00a0\u00a0 \u00a0 \u00a0 \u00a0\u00a0 \u00a0 \u00a0\u00a0\u00a0\u00a0 podpis:<\/p>\n<p>&nbsp;<\/p>\n<p>Bo\u017eja in na\u0161a Mati Marija je vedno z nami na poti k uresni\u010ditvi na\u0161ega \u017eivljenjskega poslanstva.<\/p>\n<p>Mnogi so bili dele\u017eni velikih milosti, ko so z zaupanjem nosili Marijino podobo \u2013 svetinjo. Med njimi tudi sv. Bernardka iz Lurda.<\/p>\n<p>Tudi tebe in mene \u017eeli Marija imeti med svojimi otroki. Radi bi vse, ki zavestno \u010dutijo Marijino dobroto, pomo\u010d in \u010dastijo Brezmade\u017eno zdru\u017eili, po vzoru mednarodnih zdru\u017eenj, v dru\u017eino \u00bbOtroci Brezmade\u017ene\u00ab.<\/p>\n<p>&nbsp;<\/p>\n","protected":false},"excerpt":{"rendered":"<p>Bog je na\u0161 nebe\u0161ki O\u010de. Marija, Jezusova mati, je pod kri\u017eem na Kalvariji postala tudi na\u0161a nebe\u0161ka Mati. Po svetem krstu smo postali Bo\u017eji in s tem tudi Marijini otroci. Versko resnico, da je Devica Marija brez made\u017ea spo\u010deta, je razglasil pape\u017e Pij IX., leta 1854. Marija sama je pripravljala ljudi na sprejem te resnice. &hellip; <a href=\"https:\/\/brezmadezna.com\/sl\/otroci-brez\/\" class=\"more-link\">Continue reading <span class=\"screen-reader-text\">OTROCI BREZMADE\u017dNE<\/span><\/a><\/p>\n","protected":false},"author":1,"featured_media":0,"parent":0,"menu_order":0,"comment_status":"closed","ping_status":"closed","template":"","meta":{"footnotes":""},"class_list":["post-125","page","type-page","status-publish","hentry"],"_links":{"self":[{"href":"https:\/\/brezmadezna.com\/sl\/wp-json\/wp\/v2\/pages\/125","targetHints":{"allow":["GET"]}}],"collection":[{"href":"https:\/\/brezmadezna.com\/sl\/wp-json\/wp\/v2\/pages"}],"about":[{"href":"https:\/\/brezmadezna.com\/sl\/wp-json\/wp\/v2\/types\/page"}],"author":[{"embeddable":true,"href":"https:\/\/brezmadezna.com\/sl\/wp-json\/wp\/v2\/users\/1"}],"replies":[{"embeddable":true,"href":"https:\/\/brezmadezna.com\/sl\/wp-json\/wp\/v2\/comments?post=125"}],"version-history":[{"count":0,"href":"https:\/\/brezmadezna.com\/sl\/wp-json\/wp\/v2\/pages\/125\/revisions"}],"wp:attachment":[{"href":"https:\/\/brezmadezna.com\/sl\/wp-json\/wp\/v2\/media?parent=125"}],"curies":[{"name":"wp","href":"https:\/\/api.w.org\/{rel}","templated":true}]}}