{"id":138,"date":"2015-01-21T09:12:33","date_gmt":"2015-01-21T09:12:33","guid":{"rendered":"http:\/\/brezmadezna.com\/sl\/?page_id=138"},"modified":"2015-01-21T09:12:33","modified_gmt":"2015-01-21T09:12:33","slug":"smartno","status":"publish","type":"page","link":"https:\/\/brezmadezna.com\/sl\/hise\/celje\/smartno\/","title":{"rendered":"Nad\u017eupnija \u0160martno pri Slovenj Gradcu"},"content":{"rendered":"<p><span lang=\"SL\"><span style=\"font-family: Arial\"><a href=\"https:\/\/brezmadezna.com\/md\/ce\/smartno\/smartno_files\/image001.jpg\"><img loading=\"lazy\" decoding=\"async\" class=\" alignright\" src=\"https:\/\/brezmadezna.com\/md\/ce\/smartno\/smartno_files\/image002.jpg\" alt=\"\" width=\"307\" height=\"231\" align=\"right\" border=\"0\" hspace=\"10\" \/><\/a><\/span><\/span><\/p>\n<p><span style=\"font: 19px\/31.99px 'Noto Serif', serif;color: #22313f;text-indent: 0px;letter-spacing: normal;float: none;background-color: #ffffff\">Nad\u017eupnijo smo zapustili leta 2011.<\/span><\/p>\n<p>\u017dupnijski urad<br \/>\n\u0160martno 56<br \/>\n2383 \u0160martno pri Slovenj Gradcu<br \/>\nTel.(02) 882-19-40 in (02) 882-19-41<\/p>\n<p>@: <a href=\"mailto:zupnijski.u-smartno@siol.net\">smartno.zupnija@amis.net<\/a><\/p>\n<p><a href=\"https:\/\/brezmadezna.com\/sl\/nase-hise\/celje\/smartno\/smartno\/\">Nad\u017eupnija \u0160martno pri Slovenj Gradcu<\/a> (zgodovina cerkve in podru\u017enic)<\/p>\n<p><strong>Nad\u017eupnija in cerkev sv. Martina<\/strong>:<\/p>\n<p>\u0160ematizem Lavantinske \u0161kofije pravi, je bila prvotna cerkev zgrajela leta 850. Pra\u017eupnija \u0160martno je nastala leta 1106 in je bila v upravi ogeljskega partriarhata. Berenger je ime prvega \u017eupnika najdemo v zapisih \u0161ele leta 1265. Razcvet je nad\u017eupnija do\u017eivela v letih 1726-1758, ko jo je upravljal dr. Jo\u017eef Jurij Schroekinger.<\/p>\n<p>Skozi zgodovino je cekev do\u017eivela ve\u010d prezidav in popravil. Leta 1744 jo je po\u0161kodoval po\u017ear. V letih 1997-98 je slikar Petrovi\u010d iz Celja obnovil poslikavo notranjosti cerkve v prvotni tehniki. Leta 1998 je cerkev dobila nov tlak in leta 2000 so bile obnovljene orgle.<\/p>\n<p>Danes \u0161teje nad\u017eupnija 3700 vernikov. K verouku se zbira v \u0161olskem letu 2000-2001 298 otrok.<\/p>\n<p>Nad\u017eupnija ima ob \u017eupnijski cerkvi \u0161e osem podru\u017enic, od katerih je posebej treba omeniti: 1. Sv. Jurij na Legnu in 2. Sveta Marija na Homcu.<\/p>\n<h2><strong>\u00a0 <a href=\"https:\/\/brezmadezna.com\/sl\/wp-content\/uploads\/sites\/2\/2015\/01\/image00811.jpg\"><img loading=\"lazy\" decoding=\"async\" class=\" size-full wp-image-140 alignright\" src=\"https:\/\/brezmadezna.com\/sl\/wp-content\/uploads\/sites\/2\/2015\/01\/image00811.jpg\" alt=\"image008\" width=\"295\" height=\"221\" \/><\/a>1.\u00a0\u00a0\u00a0\u00a0\u00a0 Sv. Jurij na Legnu: <\/strong><\/h2>\n<p>Cerkev se prvi\u010d omenja leta 1447. Prvotna cerkev pa je bila na tem mestu \u017ee v prvi polovici 9. stoletja. Pri arheolo\u0161kih izkopavanjih so bili odkriti sledovi ve\u010d cerkva iz \u010dasa med 9. in 16 stoletjem, ko je bila zrajena sedanja in posve\u010dena sv. Juriju. Pod cerkvenim tlakom so bili najdeni grobovi. Tla v cerkvi so zasteklena, da je tako mo\u010d videti grobove.<\/p>\n<h2><strong>\u00a0\u00a0 <a href=\"https:\/\/brezmadezna.com\/sl\/wp-content\/uploads\/sites\/2\/2015\/01\/image02411.jpg\"><img loading=\"lazy\" decoding=\"async\" class=\" size-full wp-image-141 alignright\" src=\"https:\/\/brezmadezna.com\/sl\/wp-content\/uploads\/sites\/2\/2015\/01\/image02411.jpg\" alt=\"image024\" width=\"211\" height=\"140\" \/><\/a>2. Sveta Marija na Homcu: <\/strong><\/h2>\n<p>Bo\u017ejepotna cerkev Svete Marije na Homcu se prvi\u010d omenja leta 1436. V \u010dasu tur\u0161kih vpadov so se ob cerkvi, ki je bil tabor, zbirali prebivalci Mislinjske doline. Marija jih je obvarovala, kajti Turki tabora niso mogli zavzeti. Ob tej cerkvi je nastala bratov\u0161\u010dina ro\u017enega venca. 8. 12. 1852 je bil blagoslovljen nov kip Ro\u017eenvenske Matere Bo\u017eje.<\/p>\n<p>Leta 1873 so bile na Homcu uvedene \u0160marnice, ki jih redno opravljamo ob nedeljah popoldan v mesecu maju. \u2013 Glavni romarski shod je 15. avgusta, na Veliko Gospojnico.<\/p>\n<p>V kaplaniji je bil leta 1975 z dograditvijo urejen dom za duhovne vaje. V njem se vse leto vr\u0161ijo sre\u0161anja verne mladine.<\/p>\n<p>V jeseni, 2009 nas je razveselilo pismo iz Rima, da je na\u0161a cerkev na HOMCU, Sveta Marija Vnebovzeta, sprejeta v Zvezo Marijanskih sveti\u0161\u010d v vesoljni Cerkvi s pravico do popolnega odpustka. V dopisu Bernarda Francisa kardinala LAWa, nadprezbiterja pape\u0161ke cerkve Marije Sne\u017ene v Rimu, je zapisano:<\/p>\n<p><em>\u00bbNova duhovna vez s pape\u0161ko Liberijansko Baziliko ima prijateljsko zna\u010dilnost s posebnim imenom DUHOVNA SORODSTVENA VEZ, v mo\u010di katere se priporo\u010dijo pro\u0161nje, izro\u010dene Apostolski Penitenciariji, da v posameznih primerih podeljuje naslednje popolne odpustke, izbrane izmed tistih, ki jih ima Bazilika Svete Marije Velike in sicer: a) na praznik Marije Sne\u017ene, 5. avgust, b) na praznik Vnebovzetja Device Marije, Velika Gospojnica, 15. avgust, c) na vse slovesne praznike Device Marije, d) enkrat na leto, ki ga vernik, sam izbere, e) vsaki\u010d, ko verniki romajo mno\u017ei\u010dno iz prave pobo\u017enosti. <\/em><\/p>\n<p><em> Apostolska Penitenciarija, po pooblastilu pape\u017ea, Vrhovnega Pastirja, rade volje ugodi prej omenjeni pro\u0161nji in podeljuje pod navadnimi pogoji (zakramentalna spoved, sveto obhajilo \u2013 sv. ma\u0161a in molitev po namenu sv. o\u010deta) popolni odpustek, ki ga lahko resni\u010dno spokorjeni kristjani prejmejo v sveti\u0161\u010du Sv. Marije na Homcu, \u010de so tam navzo\u010di pri sv. ma\u0161i, zmolijo Gospodovo molitev, o\u010dena\u0161 in Apostolsko veroizpoved in po namenu sv. o\u010deta. popolni odpustek prejmejo na zgoraj omenjene dneve.<\/em><\/p>\n<p>Ta dekret smo namestili v cerkvi na Homcu.<\/p>\n<p>Lazaristi:<\/p>\n<p>Misijonska dru\u017eba je prevzela nad\u017eupnijo v upravo 1. 8. 1988. Nad\u017eupnik je postal g. Franci Rataj. V pomo\u010d mu je bil dodeljen novoma\u0161nik Vlado Bizant. Kaplani: Toni Burja, Peter \u017dakelj, Janez Cerar, Franci Pavli\u010d in Roman Travar, Matej U\u017emah, Leopold Charles Valant, Amadej Jazbec in Matej U\u017emah. Nad\u017eupnijo smo zapustili leta 2011.<\/p>\n","protected":false},"excerpt":{"rendered":"<p>Nad\u017eupnijo smo zapustili leta 2011. \u017dupnijski urad \u0160martno 56 2383 \u0160martno pri Slovenj Gradcu Tel.(02) 882-19-40 in (02) 882-19-41 @: smartno.zupnija@amis.net Nad\u017eupnija \u0160martno pri Slovenj Gradcu (zgodovina cerkve in podru\u017enic) Nad\u017eupnija in cerkev sv. Martina: \u0160ematizem Lavantinske \u0161kofije pravi, je bila prvotna cerkev zgrajela leta 850. Pra\u017eupnija \u0160martno je nastala leta 1106 in je bila &hellip; <a href=\"https:\/\/brezmadezna.com\/sl\/hise\/celje\/smartno\/\" class=\"more-link\">Continue reading <span class=\"screen-reader-text\">Nad\u017eupnija \u0160martno pri Slovenj Gradcu<\/span><\/a><\/p>\n","protected":false},"author":1,"featured_media":0,"parent":86,"menu_order":0,"comment_status":"closed","ping_status":"closed","template":"","meta":{"footnotes":""},"class_list":["post-138","page","type-page","status-publish","hentry"],"_links":{"self":[{"href":"https:\/\/brezmadezna.com\/sl\/wp-json\/wp\/v2\/pages\/138","targetHints":{"allow":["GET"]}}],"collection":[{"href":"https:\/\/brezmadezna.com\/sl\/wp-json\/wp\/v2\/pages"}],"about":[{"href":"https:\/\/brezmadezna.com\/sl\/wp-json\/wp\/v2\/types\/page"}],"author":[{"embeddable":true,"href":"https:\/\/brezmadezna.com\/sl\/wp-json\/wp\/v2\/users\/1"}],"replies":[{"embeddable":true,"href":"https:\/\/brezmadezna.com\/sl\/wp-json\/wp\/v2\/comments?post=138"}],"version-history":[{"count":0,"href":"https:\/\/brezmadezna.com\/sl\/wp-json\/wp\/v2\/pages\/138\/revisions"}],"up":[{"embeddable":true,"href":"https:\/\/brezmadezna.com\/sl\/wp-json\/wp\/v2\/pages\/86"}],"wp:attachment":[{"href":"https:\/\/brezmadezna.com\/sl\/wp-json\/wp\/v2\/media?parent=138"}],"curies":[{"name":"wp","href":"https:\/\/api.w.org\/{rel}","templated":true}]}}