{"id":147,"date":"2015-01-21T09:30:12","date_gmt":"2015-01-21T09:30:12","guid":{"rendered":"http:\/\/brezmadezna.com\/sl\/?page_id=147"},"modified":"2015-06-11T17:50:44","modified_gmt":"2015-06-11T17:50:44","slug":"150-let","status":"publish","type":"page","link":"https:\/\/brezmadezna.com\/sl\/hise\/celje\/150-let\/","title":{"rendered":"150 let"},"content":{"rendered":"<p>SVETI JO\u017dEF nad CELJEM Obhajanje obletnice je pomemben dogodek. Vi\u0161ja je obletnica, toliko bolj jo je pomembno obhajati. Obhajanje nam daje prilo\u017enost, da s hvale\u017enostjo pogledamo v preteklost, da se veselimo sedanjega trenutka \u017eivljenja in da z vero in upanjem usmerimo svoj pogled v prihodnost. Leto 1852 ni pomembno samo za hrib in cerkev Svetega Jo\u017eefa nad Celjem, za slovenske lazariste, ampak tudi za Cerkev v Sloveniji in za lazariste v dana\u0161nji Sloveniji, Avstriji, Slova\u0161ki in Mad\u017earski. Zakaj? Pred 150-itmi leti so se pri Sv. Jo\u017eefu nad Celjem naselili prvi lazaristi. Hi\u0161a lazaristov v knje\u017enem mestu Celju je postala zibelka lazaristov v takratni habsbur\u0161ki monarhiji, zibelka dana\u0161njih \u0161tirih provinc: Slovenije, Slova\u0161ke, Mad\u017earske in Avstrije. 26. septembra 1852 je lavantinski (mariborski) \u0161kof Slom\u0161ek umestil misijonarje sv. Vincencija Pavelskega, lazariste na Jo\u017eefovem hribu ob navzo\u010dnosti \u0161tevilnih duhovnikov in mno\u017eici vernega ljudstva. <a href=\"https:\/\/brezmadezna.com\/sl\/wp-content\/uploads\/sites\/2\/2015\/06\/150let.gif\"><img loading=\"lazy\" decoding=\"async\" class=\" size-medium wp-image-222 alignright\" src=\"https:\/\/brezmadezna.com\/sl\/wp-content\/uploads\/sites\/2\/2015\/06\/150let-300x225.gif\" alt=\"150let\" width=\"300\" height=\"225\" \/><\/a>\u0160kof Slom\u0161ek je tistega 26. septembra pred 150-imi leti v nagovoru dejal: \u00bbKako je to, moje preljube ov\u010dice, da se dnes na tem veselem hribcu snidemo? Kako je to, da smo dnes k sv. Jo\u017eefu do\u0161li? Imamo se dnes za kaj novega zahvaliti. Da so do\u0161li \u010dastiti bratje sv. Vincencija Pavlana med nami prebivat, novi delavci v Gospodov vinograd. Nevednim v podu\u010denje, gre\u0161nikom v posvarenje, \u017ealostnim v tola\u017ebo, na\u0161i \u0161kofiji inu de\u017eeli v pomo\u010d. Imamo pa tudi dnes Boga prositi, naj nam to duhovno dru\u017ebo ohrani in blagoslovi.\u00ab Posebno veselje je plamenelo v njegovem srcu, ker je kot pastir dobil novih pomo\u010dnikov. Dejal je: \u00bbKakor se v vojski vojskovodja razveseli, kada v hudi sili \u010dvrstih pomo\u010dnikov dobi, se tudi jaz, va\u0161 vi\u0161ji pastir, dnes sr\u010dno veselim, ko novih pridnih delavcev v vinograd svoje \u0161kofije dobim.\u00ab Slom\u0161ek je dobro poznal svojo \u0161kofijo in razmere v takratni Evropi, kar pove njegova misel: \u00bbHudih \u010dasov smo u\u010dakali. Pa \u0161e huj\u0161i se nam napovedujejo, pobo\u017enost med nami pe\u0161a, razujzdanost mno\u017ei, menj\u0161a se \u0161tevilo voj\u0161\u010dakov Kristusovih, raste \u0161tevilo njegovih sovra\u017enikov in od dne do dne nara\u0161\u010da resnej\u0161a vojska med obema kardeloma.\u00ab Slom\u0161ek je s prero\u0161kim duhom govoril, zato so njegove besede, kot da so namenjene za dana\u0161nji \u010das. Svobodnja\u0161tvo se bohoti kot plevel na neobdelani njivi, naveli\u010danost je zaznati povsod. Kristusova beseda nam daje novih mo\u010di. Tako je dejal: \u00bbPravimo, svet se je postaral, \u010dlove\u0161ka dru\u017eba je izgubljena, Evropi se bli\u017ea konec. Da, \u010de prepustimo \u010dlove\u0161ki rod njegovemu naravnemu teku, njegovi pogubni usmerjenosti. Nikakor pa ne, \u010de se mo\u010d od zgoraj, ki je lastna Jezusovi veri in njegovi sveti Cerkvi, zopet razlije v vse razrede \u010dlove\u0161ke dru\u017ebe in ji prinese novega duha.\u00ab Iz njegovih besed vidimo, da se ni mogel sprijazniti s polo\u017eajem v \u0161kofiji in slovenskem narodu. Zavedal se je, da more nastopiti sprememba, da bo utrujenost minila, \u010de se naredi pravi korak. Za to je potreben nov kvas poguma in sol jasne evangeljske besede. Slom\u0161ek je bil realist. Zavedal se je, da je mogo\u010de spremeniti polo\u017eaj, da je mogo\u010de pravilno usmeriti \u017eivljenjsko pot naroda, ker je ljudstvo v svojem jedru dobro. Slom\u0161ek se je vrgel na delo, da bi utrdil vero in narodno zavest, po\u0161tenost in delavnost zaupanega mu ljudstva. Zavedal se je, da je treba zmanj\u0161ati \u0161tevilo \u00bbKristusovih sovra\u017enikov\u00ab in pove\u010dati \u00bb\u0161tevilo njegovih voj\u0161\u010dakov\u00ab. Danes je vera in versko \u017eivljenje v nazadovanju. Narodna zavest po eni strani vodeni, po drugi pa mu grozi nacionalisti\u010dni navdih. Tudi danes je treba krepiti vero in po\u017eivljati versko \u017eivljenje in pravilno usmerjati narodno in kulturno \u017eivljenje. To bomo danes zmogli z odgovornostjo, z vero, z vztrajnostjo in ljubeznijo. Kar delamo danes, bodo jutri \u017eeli.<\/p>\n","protected":false},"excerpt":{"rendered":"<p>SVETI JO\u017dEF nad CELJEM Obhajanje obletnice je pomemben dogodek. Vi\u0161ja je obletnica, toliko bolj jo je pomembno obhajati. Obhajanje nam daje prilo\u017enost, da s hvale\u017enostjo pogledamo v preteklost, da se veselimo sedanjega trenutka \u017eivljenja in da z vero in upanjem usmerimo svoj pogled v prihodnost. Leto 1852 ni pomembno samo za hrib in cerkev Svetega &hellip; <a href=\"https:\/\/brezmadezna.com\/sl\/hise\/celje\/150-let\/\" class=\"more-link\">Continue reading <span class=\"screen-reader-text\">150 let<\/span><\/a><\/p>\n","protected":false},"author":1,"featured_media":0,"parent":86,"menu_order":0,"comment_status":"closed","ping_status":"closed","template":"","meta":{"footnotes":""},"class_list":["post-147","page","type-page","status-publish","hentry"],"_links":{"self":[{"href":"https:\/\/brezmadezna.com\/sl\/wp-json\/wp\/v2\/pages\/147","targetHints":{"allow":["GET"]}}],"collection":[{"href":"https:\/\/brezmadezna.com\/sl\/wp-json\/wp\/v2\/pages"}],"about":[{"href":"https:\/\/brezmadezna.com\/sl\/wp-json\/wp\/v2\/types\/page"}],"author":[{"embeddable":true,"href":"https:\/\/brezmadezna.com\/sl\/wp-json\/wp\/v2\/users\/1"}],"replies":[{"embeddable":true,"href":"https:\/\/brezmadezna.com\/sl\/wp-json\/wp\/v2\/comments?post=147"}],"version-history":[{"count":3,"href":"https:\/\/brezmadezna.com\/sl\/wp-json\/wp\/v2\/pages\/147\/revisions"}],"predecessor-version":[{"id":527,"href":"https:\/\/brezmadezna.com\/sl\/wp-json\/wp\/v2\/pages\/147\/revisions\/527"}],"up":[{"embeddable":true,"href":"https:\/\/brezmadezna.com\/sl\/wp-json\/wp\/v2\/pages\/86"}],"wp:attachment":[{"href":"https:\/\/brezmadezna.com\/sl\/wp-json\/wp\/v2\/media?parent=147"}],"curies":[{"name":"wp","href":"https:\/\/api.w.org\/{rel}","templated":true}]}}