{"id":155,"date":"2015-01-21T09:41:07","date_gmt":"2015-01-21T09:41:07","guid":{"rendered":"http:\/\/brezmadezna.com\/sl\/?page_id=155"},"modified":"2025-07-24T07:57:31","modified_gmt":"2025-07-24T07:57:31","slug":"svetinja","status":"publish","type":"page","link":"https:\/\/brezmadezna.com\/sl\/md\/svetinja\/","title":{"rendered":"Brezmade\u017ena s \u010dudodelno svetinjo"},"content":{"rendered":"<p>Dne, 27. novembra 1830 se je v kapeli osrednje hi\u0161e usmiljenih sester v Parizu prikazala Marija tihi in skromni novinki Katarini Laboure. V rokah je dr\u017eala kroglo, ki naj bi predstavljala zemeljsko oblo, v ozadju pa je stal napis: &#8220;O, Marija, brez made\u017ea spo\u010deta, prosi za nas, ki se k tebi zatekamo.&#8221; Marija je tedaj naro\u010dila sestri Katarini: &#8220;Daj kovati svetinjo po tem vzorcu. Tisti, ki jo bodo nosili z zaupanjem, bodo prejeli obilne milosti.&#8221; Dve leti kasneje se je svetinja za\u010dela \u0161iriti med pari\u0161kim ljudstvom, ki jo je zaradi \u0161tevilnih usli\u0161anj kmalu za\u010delo imenovati \u010dudodelna. Tako se je s pomo\u010djo svetinje \u0161irilo \u010de\u0161\u010denje bo\u017eje Matere, hkrati pa se je utrjevala vera v njeno brezmade\u017eno spo\u010detje. \u010cudodelna svetinja se je naglo raz\u0161irila po Evropi in Ameriki. Leta 1915 so misijonarji svetega Vincencija Pavelskega v Philadelphii na pripro\u0161njo Brezmade\u017ene s \u010dudodelno svetinjo dosegli izredne milosti. Skupaj z verniki so se zanje zahvalili z devetdnevnico. Na pro\u0161njo vernikov so jo potem opravljali vsak teden. Tako je nastala ve\u010dna devetdnevnica. Deset let kasneje so jo vsak teden obhajali \u017ee po 4500 ameri\u0161kih \u017eupnijah. Z leti so jo vpeljali tudi na Irskem, v Italiji, Franciji, Belgiji in na Nizozemskem. V Sloveniji smo ve\u010dno devetdnevnico za\u010deli obhajati v cerkvi Srca Jezusovega v Ljubljani, 27. novembra 1962. Ker je bilo prvotno besedilo ve\u010dne devetdnevnice nekoliko zastarelo, smo pripravili novo, bolj v skladu z naukom drugega vatikanskega cerkvenega zbora ter z apostolsko spodbudo Pavla VI. o Marijinem \u010de\u0161\u010denju. Prepri\u010dani smo, da bo tako obnovljena ljudska pobo\u017enost na\u0161la pot do mnogih slovenskih \u017eupnij in redovnih hi\u0161, ki \u017eele po\u017eiviti ljubezen in zaupanje do Jezusove Matere in oblikovati svoje \u017eivljenje po njenem zgledu. (F. Rode)<\/p>\n<h3>VE\u010cNA DEVETDNEVNICA V \u010cAST BREZMADE\u017dNE S \u010cUDODELNO SVETINJO<\/h3>\n<ol>\n<li>MARIJINA PESEM<\/li>\n<li>UVOD<a href=\"https:\/\/brezmadezna.com\/sl\/wp-content\/uploads\/sites\/2\/2015\/01\/svetinjica21.jpg\"><img loading=\"lazy\" decoding=\"async\" class=\"  wp-image-545 alignright\" src=\"https:\/\/brezmadezna.com\/sl\/wp-content\/uploads\/sites\/2\/2015\/01\/svetinjica21.jpg\" alt=\"svetinjica2\" width=\"165\" height=\"269\" srcset=\"https:\/\/brezmadezna.com\/sl\/wp-content\/uploads\/sites\/2\/2015\/01\/svetinjica21.jpg 205w, https:\/\/brezmadezna.com\/sl\/wp-content\/uploads\/sites\/2\/2015\/01\/svetinjica21-184x300.jpg 184w\" sizes=\"auto, (max-width: 165px) 100vw, 165px\" \/><\/a><\/li>\n<\/ol>\n<p>Duhovnik(voditelj): V imenu O\u010deta in Sina in Svetega Duha. Vsi: Amen.<\/p>\n<ol start=\"3\">\n<li>POZDRAV<\/li>\n<\/ol>\n<p>Duhovnik: Milost in mir Gaspoda Jezua Kristusa in varstvo njegove matere Marije naj bo z vami vsemi. Vsi : In s tvojim duhom.<\/p>\n<ol start=\"4\">\n<li>UVODNI NAGOVORI PO IZBIRI (duhovnik)<\/li>\n<\/ol>\n<p>(Ob koncu nagovora duhovnik navede zahvale in pro\u0161nje vernikov).<\/p>\n<ol start=\"5\">\n<li>PRO\u0160NJA (duhovnik)<a href=\"https:\/\/brezmadezna.com\/sl\/wp-content\/uploads\/sites\/2\/2015\/01\/cudodelna-medalja1.jpg\"><img loading=\"lazy\" decoding=\"async\" class=\"  wp-image-546 alignright\" src=\"https:\/\/brezmadezna.com\/sl\/wp-content\/uploads\/sites\/2\/2015\/01\/cudodelna-medalja1.jpg\" alt=\"cudodelna medalja1\" width=\"276\" height=\"268\" srcset=\"https:\/\/brezmadezna.com\/sl\/wp-content\/uploads\/sites\/2\/2015\/01\/cudodelna-medalja1.jpg 431w, https:\/\/brezmadezna.com\/sl\/wp-content\/uploads\/sites\/2\/2015\/01\/cudodelna-medalja1-300x292.jpg 300w\" sizes=\"auto, (max-width: 276px) 100vw, 276px\" \/><\/a><\/li>\n<\/ol>\n<p>Molimo. O, Bog, po brezmade\u017eni Devici Mariji, ki je tvojemu Sinu tako neizrekljivo pridru\u017eena, nam izkazuje\u0161 svojo preobilno dobrotljivost. Naj nas njena materinska pomo\u010d podpira, da ne bomo nikoli pogre\u0161ali tvojega skrbnega usmiljenja ter bomo v svobodni veri pokorni skrivnosti tvojega odre\u0161enja. Po Kristusu, na\u0161em Gospodu. Vsi : Amen. (\u010ce ve\u010dno devetdnevnico obhajamo kot samostojno pobo\u017enost brez svete ma\u0161e, na to mesto lahko uvrstimo berilo in evangelij (glej Berila in evangeliji, Svetniki, str. 196 -220) s kratko homilijo.)<\/p>\n<ol start=\"6\">\n<li>MOLITEV (vsi)<\/li>\n<\/ol>\n<p>Spomni se, o premila Devica Marija, da \u0161e nikdar ni bilo sli\u0161ati, da bi bila ti koga zapustila, ki je pod tvoje varstvo pribe\u017eal, tebe pomo\u010di prosil in se tvoji pripro\u0161nji priporo\u010dal. S tem zaupanjem hitimo k tebi, o devic Devica in mati, k tebi prihajamo in pred teboj zdihujo\u010di gre\u0161niki kle\u010dimo (stojimo): Nikar ne zavrzi, o mati Besede, na\u0161ih besed, temve\u010d milostno nas poslu\u0161aj in usli\u0161i. Amen.<\/p>\n<ol start=\"7\">\n<li>MARIJINA PESEM<\/li>\n<li>MOLITEV (vsi)<\/li>\n<\/ol>\n<p>Brezmade\u017ena Devica Marija, mati na\u0161ega Gospoda Jezusa Kristusa in mati Cerkve, neomajno zaupamo v tvojo materinsko pomo\u010d, ki jo razodeva\u0161 po \u010dudodelni svetinji. Kot ljube\u010di otroci te zaupno prosimo, da nam in vsem tistim, ki ti jih danes priporo\u010damo, izprosi\u0161 milosti in dobrot, ki jih pri\u010dakujemo od tebe. (Kratek premor: vsak izrazi tiho svoj poseben namen). Daj nam velikodu\u0161no srce, ki se v ne\u017enem so\u010dutju razdaja trpe\u010dim in zapu\u0161\u010denim; zvesto srce, ki ne pozabi na nobeno dobroto, in se ne spominja nobene hudobije, krotko in poni\u017eno srce, ki ljubi, ne da bi pri\u010dakovalo pla\u010dila, in se tiho umakne pred drugim srcem, pred srcem tvojega Sina. Oblikuj nam srce, ki bo gorelo za slavo Jezusa Kristusa; srce, ki ga je ranila njegova ljubezen in katerega rana se bo zacelila samo v nebesih. Amen.<\/p>\n<ol start=\"9\">\n<li>MARIJINA PESEM<\/li>\n<li>SKLEPNA MOLITEV (vsi)<\/li>\n<\/ol>\n<p>Pod tvoje varstvo pribe\u017eimo, o sveta bo\u017eja Porodnica. Ne zavrzi na\u0161ih pro\u0161enj v na\u0161ih potrebah, temve\u010d re\u0161i nas vselej vseh nevarnosti, o \u010dastitljiva in blagoslovljena Devica. Duhovnik: O Marija, brez made\u017ea spo\u010deta. Vsi : Prosi za nas, ki se k tebi zatekamo.<\/p>\n<ol start=\"11\">\n<li>MARIJINA PESEM<\/li>\n<\/ol>\n<p>&nbsp;<\/p>\n","protected":false},"excerpt":{"rendered":"<p>Dne, 27. novembra 1830 se je v kapeli osrednje hi\u0161e usmiljenih sester v Parizu prikazala Marija tihi in skromni novinki Katarini Laboure. V rokah je dr\u017eala kroglo, ki naj bi predstavljala zemeljsko oblo, v ozadju pa je stal napis: &#8220;O, Marija, brez made\u017ea spo\u010deta, prosi za nas, ki se k tebi zatekamo.&#8221; Marija je tedaj &hellip; <a href=\"https:\/\/brezmadezna.com\/sl\/md\/svetinja\/\" class=\"more-link\">Continue reading <span class=\"screen-reader-text\">Brezmade\u017ena s \u010dudodelno svetinjo<\/span><\/a><\/p>\n","protected":false},"author":1,"featured_media":0,"parent":168,"menu_order":0,"comment_status":"closed","ping_status":"closed","template":"","meta":{"footnotes":""},"class_list":["post-155","page","type-page","status-publish","hentry"],"_links":{"self":[{"href":"https:\/\/brezmadezna.com\/sl\/wp-json\/wp\/v2\/pages\/155","targetHints":{"allow":["GET"]}}],"collection":[{"href":"https:\/\/brezmadezna.com\/sl\/wp-json\/wp\/v2\/pages"}],"about":[{"href":"https:\/\/brezmadezna.com\/sl\/wp-json\/wp\/v2\/types\/page"}],"author":[{"embeddable":true,"href":"https:\/\/brezmadezna.com\/sl\/wp-json\/wp\/v2\/users\/1"}],"replies":[{"embeddable":true,"href":"https:\/\/brezmadezna.com\/sl\/wp-json\/wp\/v2\/comments?post=155"}],"version-history":[{"count":5,"href":"https:\/\/brezmadezna.com\/sl\/wp-json\/wp\/v2\/pages\/155\/revisions"}],"predecessor-version":[{"id":623,"href":"https:\/\/brezmadezna.com\/sl\/wp-json\/wp\/v2\/pages\/155\/revisions\/623"}],"up":[{"embeddable":true,"href":"https:\/\/brezmadezna.com\/sl\/wp-json\/wp\/v2\/pages\/168"}],"wp:attachment":[{"href":"https:\/\/brezmadezna.com\/sl\/wp-json\/wp\/v2\/media?parent=155"}],"curies":[{"name":"wp","href":"https:\/\/api.w.org\/{rel}","templated":true}]}}