{"id":169,"date":"2015-01-20T07:51:14","date_gmt":"2015-01-20T07:51:14","guid":{"rendered":"http:\/\/brezmadezna.com\/sl\/?page_id=9"},"modified":"2015-01-20T07:51:14","modified_gmt":"2015-01-20T07:51:14","slug":"zakladnica","status":"publish","type":"page","link":"https:\/\/brezmadezna.com\/sl\/md\/vincencij\/zakladnica\/","title":{"rendered":"Iz duhovne zakladnice"},"content":{"rendered":"<p>Vincencij Pavelski<\/p>\n<p>Iz duhovne zakladnice sv. Vincencija:<br \/>\n\u00bbBog je ljubezen in ho\u010de, da se mu bli\u017eamo po ljubezni.\u00ab<\/p>\n<p>\u00bbPosvetni duh je uporen in bi rad vse sam napravil. Ne brigajmo se zanj. Ne izbirajmo si svojih poti, marve\u010d hodimo po poteh, ki nam jih je Bog blagovolil pokazati\u00ab(VII,515).<\/p>\n<p>\u00bbDru\u017eba je vedno ljubila evangeljska na\u010dela in se \u017eelela prepojiti z evangeljskim duhom, da bi mogla \u017eiveti in delati, kot je \u017eivel in delal na\u0161 Gospod\u00ab (XII, 108).<\/p>\n<p>\u00bbPopolnost ni v zamaknjenosti ampak v zvestem izpolnjevanju Bo\u017eje volje\u00ab (XI,317).<\/p>\n<p>\u00bbBog nas dviga in poni\u017euje, nas tola\u017ei in nas udari, kakor vidi, da smo pripravljeni izkoristiti tako stanje\u00ab (III, 390).<\/p>\n<p>\u00bbNaj nas Gospod navda s svojo neskon\u010dno krotkostjo, da se bo prelila v na\u0161e besede in dejanja, da bomo koristni in prijetni bli\u017enjemu\u00ab (VI, 388).<\/p>\n<p>\u00bbDru\u017eba se trudi z ljubeznijo slu\u017eiti ubogim, ki so bo\u017eji ljubljenci. Tako moramo zaradi ljubezni do njih upravi\u010deno upati, da bo Bog tudi nas ljubil\u00ab (XII, 392).<\/p>\n<p>\u00bbVsi smo prinesli v Dru\u017ebo sklep, da bomo tu \u017eiveli in umrli. Prinesli smo vse, kar smo; telo, du\u0161o, voljo, zmo\u017enosti, prizadevnost in drugo. Zakaj? Da bi delali to, kar je delal Jezus Kristus, da bi re\u0161evali svet\u00ab (XII, 98).<\/p>\n<p>\u00bbTako z besedo in dejanji oznanjajmo evangelij, opravljajmo najpopolnej\u0161e delo, najpomembnej\u0161o nalogo, ki jo je izvr\u0161eval na\u0161 Gospod in ki so jo dol\u017eni izvr\u0161evati tisti, ki po neizbrisnem znamenju in svoji slu\u017ebi predstavljajo njega na zemlji, namre\u010d duhovniki\u00ab (XII, 87).<\/p>\n<p>\u00bbBog pri\u010dakuje od nas dobro voljo in iskreno odlo\u010ditev, da mu bomo sku\u0161ali z vso pripravljenostjo slu\u017eiti, tudi \u010de bi bilo smrtno nevarno\u00ab (XI,402).<\/p>\n<p>\u00bb\u010ce ho\u010dete dobro za\u010deti in uspe\u0161no nadaljevati, glejte, da boste delali pod vodstvom Duha na\u0161eha Gospoda, da boste pri svojih dejanjih posnemali njegovo \u017eivljenje ter jih usmerjali plemenitemu in vzvi\u0161enemu cilju, pri tem pa iskali le ve\u010djo bo\u017ejo slavo\u00ab (V, 457).<\/p>\n<p>\u00bbPoni\u017enosti je lastno to, da za nikogar ne i\u0161\u010de spo\u0161tovanja kot samo zate, o moj Bog, ki odreja\u0161 ceno ljudem in stvarem.\u00ab<\/p>\n<p>\u00bbMisijonski poklic je apostolski poklic, ki obstoji v tem, da vse zapustimo in se vsemu odpovemo kakor apostoli, da hodimo za Jezusom Kristusom&#8230;\u00ab <\/p>\n<p>Berceau de Saint-Vincent-de-Paul: Rojstna hi\u0161a sv. Vincencija Pavelskega (r. 24. 4. 1581).<\/p>\n<p>Berceau de Saint-Vincent-de-Paul: Notranjost hi\u0161e je preurejena kot kraj molitve.<\/p>\n<p>Berceau de Saint-Vincent-de-Paul: Hrast iz za\u010detka 13. stoletja (v  njegovi senci je po\u010dival tudi Vincencij).<\/p>\n<p>Chateau l&#8217;Eveque: Stranska kapela cerkve, v njej je Vincencij 23. 9. 1600 prejel ma\u0161ni\u0161ko posve\u010denje.<\/p>\n<p>Clichy: Slika sv. Vincencija v \u017eupnijski cerkvi. Tu je bil Vincencij \u017eupnik od 1612 d0 1613. V tem \u010dasu je za\u010del zbirati duhovnike na pogovore, iz \u010desar so se razvile \u00bbtorkove konference\u00ab.<\/p>\n<p>Folleville: Cerkev, v kateri je imel Vincencij 25. 1. 1617 pridigo o dolgi ali \u017eivljenjski spovedi. (Mimo te cerkve pelje starodavna romarska pot v Compostelo v \u0160paniji).<\/p>\n<p>Folleville: Vitra\u017e (barvno okno v cerkvi), ki predstavlja Vincencija na pri\u017enici 25. 1. 1617. \u00bbMisijon\u00ab je trajal ve\u010d dni. Vincencij je povabil duhovnike iz okolice, da so pomagali spovedovati.<\/p>\n<p>Chatillon-sur-Chalaronne: Hi\u0161a, v kateri je bival Vincencij, ko je bil \u017eupnik v tem kraju od 1617 do 1618.<\/p>\n<p>Chatillon-sur-Chalaronne: Vincencij je ustanovil prvo Bratov\u0161\u010dino dobrodelnosti (Sestanek z damami novega dru\u0161tva dobrodelnosti, ko so 23. 8. 1617 podpisali ustanovno listino in sestavili pravila. Te je Vincencij poslal v odobritev na \u0161kofijo v Lyon. S podpisom generalnega vikarja so bila 24. 11. 1617 pravila odobrena).<\/p>\n<p>Pariz: Kapela Sv. Vincencija Pevelskega (materna hi\u0161a), 95, rue de Sevres.<\/p>\n<p>Pariz: Relikvije sv. Vincencija nad glavnim oltarjem v kapeli na 95, rue de Sevres, Pariz.<\/p>\n<p>Le Puech pri Montgesty: Rojstna hi\u0161a sv. Janeza Gabrijela Perboyreja, mu\u0161enca. Rojen je bil 6. 1. 1802, posve\u010den za duhovnika pa 23. 9. 1826.<\/p>\n<p>Le Puech pri Montgesty: Kip sv. Janeza G. Perboyreja ob vhodu k rojstni hi\u0161i. Na kitajsko (Macao) je stopil 29.8.1835, mu\u010den je bil in umrl 11. 9. 1840. Med bla\u017eene je bil pri\u0161tet 10. 11. 1889, med svete pa 2. 6. 1996. Postal je kitajski svetnik. <\/p>\n<p>   O Bo\u017eji Zveli\u010dar, spremeni  me v sebe. Naj bodo moje roke kot tvoje. Naj bo moj jezik kot tvoj. Daj, da ti bom slu\u017eil in te slavil z vsemi sposobnostmi svojega telesa. Predvsem pa te prosim, spremeni mojo du\u0161o in vse njene mo\u010di tako, da bodo moj spomin, moja volja in moja \u010dustva postala eno s tvojim spominom, tvojo voljo in tvojimi \u010dustvi.<br \/>\n   Prosim te, uni\u010di v meni vse, kar ni po tvoji volji. Pomagaj mi, da bom \u017eivel le v tebi, s tabo in zate, da bom mogel zares re\u010di z apostolom Pavlom:\u00abNe \u017eivim ve\u010d jaz, ampak Kristus \u017eivi v meni\u00ab(Gal 2, 20).- Sv. Janez G. Perboyre <\/p>\n","protected":false},"excerpt":{"rendered":"<p>Vincencij Pavelski Iz duhovne zakladnice sv. Vincencija: \u00bbBog je ljubezen in ho\u010de, da se mu bli\u017eamo po ljubezni.\u00ab \u00bbPosvetni duh je uporen in bi rad vse sam napravil. Ne brigajmo se zanj. Ne izbirajmo si svojih poti, marve\u010d hodimo po poteh, ki nam jih je Bog blagovolil pokazati\u00ab(VII,515). \u00bbDru\u017eba je vedno ljubila evangeljska na\u010dela in &hellip; <a href=\"https:\/\/brezmadezna.com\/sl\/md\/vincencij\/zakladnica\/\" class=\"more-link\">Continue reading <span class=\"screen-reader-text\">Iz duhovne zakladnice<\/span><\/a><\/p>\n","protected":false},"author":1,"featured_media":0,"parent":7,"menu_order":0,"comment_status":"closed","ping_status":"closed","template":"","meta":{"footnotes":""},"class_list":["post-169","page","type-page","status-publish","hentry"],"_links":{"self":[{"href":"https:\/\/brezmadezna.com\/sl\/wp-json\/wp\/v2\/pages\/169","targetHints":{"allow":["GET"]}}],"collection":[{"href":"https:\/\/brezmadezna.com\/sl\/wp-json\/wp\/v2\/pages"}],"about":[{"href":"https:\/\/brezmadezna.com\/sl\/wp-json\/wp\/v2\/types\/page"}],"author":[{"embeddable":true,"href":"https:\/\/brezmadezna.com\/sl\/wp-json\/wp\/v2\/users\/1"}],"replies":[{"embeddable":true,"href":"https:\/\/brezmadezna.com\/sl\/wp-json\/wp\/v2\/comments?post=169"}],"version-history":[{"count":0,"href":"https:\/\/brezmadezna.com\/sl\/wp-json\/wp\/v2\/pages\/169\/revisions"}],"up":[{"embeddable":true,"href":"https:\/\/brezmadezna.com\/sl\/wp-json\/wp\/v2\/pages\/7"}],"wp:attachment":[{"href":"https:\/\/brezmadezna.com\/sl\/wp-json\/wp\/v2\/media?parent=169"}],"curies":[{"name":"wp","href":"https:\/\/api.w.org\/{rel}","templated":true}]}}