{"id":170,"date":"2015-01-20T07:51:48","date_gmt":"2015-01-20T07:51:48","guid":{"rendered":"http:\/\/brezmadezna.com\/sl\/?page_id=11"},"modified":"2015-01-20T07:51:48","modified_gmt":"2015-01-20T07:51:48","slug":"casovni","status":"publish","type":"page","link":"https:\/\/brezmadezna.com\/sl\/md\/vincencij\/casovni\/","title":{"rendered":"\u010cASOVNI PREGLED"},"content":{"rendered":"<p>Pomembnej\u0161i datumi iz \u017eivljenja sv. Vincencija Pavelskega in dogajanj v istem \u010dasu v Cerkvi in v svetu:<\/p>\n<p>1581 &#8211; 17. 4. se narodi Vincencij Pavelski v vasi Pouy (danes Berceau de Saint-Vincent-de-Paul).<\/p>\n<p>1582 &#8211; Umre Terezija Avilska.<\/p>\n<p>&#8211; Ricci pride na Kitajsko.<\/p>\n<p>&#8211; Nadvojvoda Karel II. Je izdal odlok o izgonu protestantskih me\u0161\u010danov iz na\u0161ih krajev.<\/p>\n<p>1584 &#8211; Jurij Dalmatin je v sloven\u0161\u010dino prevedel Biblijo.<\/p>\n<p>&#8211; Adam Bohori\u010d je izdal slovnico slovenskega jezika.<\/p>\n<p>1578\/88 &#8211; Turki so pusto\u0161ili po Prekmurju.<\/p>\n<p>1590 &#8211; Kupola cerkve sv. Petra v Rimu dokon\u010dana.<\/p>\n<p>1592 &#8211; Prvi\u010d se omenja izdelava piva v Ljubljani.<\/p>\n<p>1593 &#8211; Zmaga kr\u0161\u010danske vojske nad Turki pri Sisku 22. 6. &#8211; predvsem zaradi juna\u0161tva in sposobnosti Andreja Turja\u0161kega. Ta je podaril ljubljanski stolni \u017eupniji pla\u0161\u010d Hasana pa\u0161e, iz katerega so naredili ma\u0161ni pla\u0161\u010d (rde\u010d). Leta 1931 ga je stolna \u017eupnija dala v varstvo v narodni muzej v Ljubljani, kjer ga \u0161e danes hranijo.<\/p>\n<p>1595 &#8211; Vincencij v \u0161oli v Daxu.<\/p>\n<p>1596 &#8211; V Ljubljani se naselijo jezuiti.<\/p>\n<p>1597 &#8211; Umre ljubljanski \u0161kof Janez Tav\u010dar in Toma\u017e Hren imenovan za \u0161kofa.<\/p>\n<p>1598 &#8211; Jezuiti: prva gledali\u0161ka predstava v Ljubljani.<\/p>\n<p>1600 &#8211; Vincencij posve\u010den za duhovnika v Chateau l&#8217;Evesque 23. 4.<\/p>\n<p>1600 &#8211; Giordano Bruno je bil se\u017egan.<\/p>\n<p>1606 &#8211; Sklenjen dunajski verski mir, po katerem se je protestantizem ohranil v Prekmurju.<\/p>\n<p>&#8211; Kapucini pridejo v Ljubljano.<\/p>\n<p>1608 &#8211; Vincencij prispe v Paris.<\/p>\n<p>1608 &#8211; Dr\u017eavni zbor v Regensburgu.<\/p>\n<p>1610 &#8211; Nastanek prvih redukcij v Paragvaju.<\/p>\n<p>&#8211; Ludvik XIII. postane kralj Francije.<\/p>\n<p>1612 &#8211; Vincencij postane \u017eupnik v Clichyju, v predmestju Pariza.<\/p>\n<p>1613 &#8211; \u0160kof Toma\u017e Hren je z jezuitom Janezom \u010cadkom izdal prvi slovenski lekcionar.<\/p>\n<p>1614 &#8211; Za Vincencija se za\u010dne dvom vere, ki traja nad tri leta.<\/p>\n<p>1615 &#8211; Francoski kralj Ludvik XIII. se poro\u010di z Ano Avstrijsko.<\/p>\n<p>1617 &#8211; Vincencij pridiga o dolgi ali \u017eivljenjski spovedi v Follevillu 25. 1.<\/p>\n<p>&#8211; Vincencij imenovan za \u017eupnika v Chatillon-les- Dombes (danes Chatillon-sur-Chalaronne) in Ustanovi dru\u0161tvo za dobrodelnost (Dames de la Charite &#8211; slu\u017eabnice ubogih).<\/p>\n<p>1618 in 1619 &#8211; Vincencij se sre\u010da s Fran\u010di\u0161kom Sale\u0161kim.<\/p>\n<p>1619 &#8211; Vincencij postane kaplan na kraljevih galejah.<\/p>\n<p>1619 &#8211; Descartes izre\u010de in napi\u0161e : Je pense, donc je suis.<\/p>\n<p>1622 &#8211; Ustanovljena Propaganda.<\/p>\n<p>&#8211; Umre Fran\u010di\u0161ek Sale\u0161ki.<\/p>\n<p>&#8211; Richelieu postane kardinal.<\/p>\n<p>1625 &#8211; Vincencij ustanovi Misijonsko dru\u017ebo 17. 4.<\/p>\n<p>&#8211; Vincencij se sre\u010da z Ludoviko de Marillac.<\/p>\n<p>1626 &#8211; Pari\u0161ki nad\u0161kof je 24. 4. odobril Misijonsko dru\u017ebo.<\/p>\n<p>1626 &#8211; Posvetitev bazilike sv. Petra v Rimu.<\/p>\n<p>1627 &#8211; Tolminski kme\u010dki upor.<\/p>\n<p>1629 &#8211; Umre kardinal Berulle.<\/p>\n<p>1630 &#8211; Umre ljubljanski \u0161kof Toma\u017e Hren.<\/p>\n<p>1632 &#8211; \u010clani Dru\u017ebe se naselijo pri Sv. Lazarju.<\/p>\n<p>1633 &#8211; Vincencij z Ludoviko de Marillac ustanovi h\u010dere kr\u0161\u010danske ljubezni, usmiljenke.<\/p>\n<p>1633 &#8211; Ludvik XIII. okupira Lorraineo.<\/p>\n<p>1635 &#8211; 2. slovenski kme\u010dki upor.<\/p>\n<p>1640 &#8211; Ustanovljena kapucinska knji\u017enica v Kr\u0161kem.<\/p>\n<p>1641 &#8211; Mazarin postane kardinal.<\/p>\n<p>&#8211; Umre Ivana de Chantal.<\/p>\n<p>1643 &#8211; Vincencij imenovan za \u010dlana Sveta vesti.<\/p>\n<p>1643 &#8211; Janez Eudes ustanovi redovno skupnost Eudiste.<\/p>\n<p>&#8211; Umre Ludvik XIII.; vdova Ana postane regentka in ustanovi Svet vesti.<\/p>\n<p>&#8211; Mazarin postane minister.<\/p>\n<p>&#8211; Ludvik XIV. postane kralj Francije.<\/p>\n<p>1647 &#8211; Lu\u010d sveta zagleda Janez Svetokri\u0161ki.<\/p>\n<p>1648 &#8211; Vincencij po\u0161lje misijonarje na Madagaskar.<\/p>\n<p>1657 &#8211; Ustanovljen apostolsko vikariat Quebec.<\/p>\n<p>1660 &#8211; Vincencij umre 27. 9. pri Sv. Lazarju v Parizu med jutranjo molitivjo.<\/p>\n<p>&#8211; Umre Ludovika de Marilac 15. 3.<\/p>\n<p>1660 &#8211; Ludvik XIV. se poro\u010di z Marijo Terezijo \u0160pansko.<\/p>\n","protected":false},"excerpt":{"rendered":"<p>Pomembnej\u0161i datumi iz \u017eivljenja sv. Vincencija Pavelskega in dogajanj v istem \u010dasu v Cerkvi in v svetu: 1581 &#8211; 17. 4. se narodi Vincencij Pavelski v vasi Pouy (danes Berceau de Saint-Vincent-de-Paul). 1582 &#8211; Umre Terezija Avilska. &#8211; Ricci pride na Kitajsko. &#8211; Nadvojvoda Karel II. Je izdal odlok o izgonu protestantskih me\u0161\u010danov iz na\u0161ih &hellip; <a href=\"https:\/\/brezmadezna.com\/sl\/md\/vincencij\/casovni\/\" class=\"more-link\">Continue reading <span class=\"screen-reader-text\">\u010cASOVNI PREGLED<\/span><\/a><\/p>\n","protected":false},"author":1,"featured_media":0,"parent":7,"menu_order":0,"comment_status":"closed","ping_status":"closed","template":"","meta":{"footnotes":""},"class_list":["post-170","page","type-page","status-publish","hentry"],"_links":{"self":[{"href":"https:\/\/brezmadezna.com\/sl\/wp-json\/wp\/v2\/pages\/170","targetHints":{"allow":["GET"]}}],"collection":[{"href":"https:\/\/brezmadezna.com\/sl\/wp-json\/wp\/v2\/pages"}],"about":[{"href":"https:\/\/brezmadezna.com\/sl\/wp-json\/wp\/v2\/types\/page"}],"author":[{"embeddable":true,"href":"https:\/\/brezmadezna.com\/sl\/wp-json\/wp\/v2\/users\/1"}],"replies":[{"embeddable":true,"href":"https:\/\/brezmadezna.com\/sl\/wp-json\/wp\/v2\/comments?post=170"}],"version-history":[{"count":0,"href":"https:\/\/brezmadezna.com\/sl\/wp-json\/wp\/v2\/pages\/170\/revisions"}],"up":[{"embeddable":true,"href":"https:\/\/brezmadezna.com\/sl\/wp-json\/wp\/v2\/pages\/7"}],"wp:attachment":[{"href":"https:\/\/brezmadezna.com\/sl\/wp-json\/wp\/v2\/media?parent=170"}],"curies":[{"name":"wp","href":"https:\/\/api.w.org\/{rel}","templated":true}]}}