{"id":171,"date":"2015-01-20T07:53:07","date_gmt":"2015-01-20T07:53:07","guid":{"rendered":"http:\/\/brezmadezna.com\/sl\/?page_id=13"},"modified":"2015-01-20T07:53:07","modified_gmt":"2015-01-20T07:53:07","slug":"dnevi","status":"publish","type":"page","link":"https:\/\/brezmadezna.com\/sl\/md\/vincencij\/dnevi\/","title":{"rendered":"Pomembni dnevi v letu"},"content":{"rendered":"<p>Preteklost nas vodi skozi sedanjost v upanja polno prihodnost. &#8211; Naj nas Kristus, ve\u010dna Beseda blagoslavlja in opogumlja vse dneve v letu 2015!<\/p>\n<p>&#8220;Na\u0161e postno potovanje pomeni, da se vedno bolj poistovetimo s kri\u017eanim Gospodom in danes privzamemo dele\u017e ob trpljenju tolikih kri\u017eanih narodov.&#8221;(R. P. Maloney, C.M.)<\/p>\n<p>Na\u0161 Gospod je postavil Evharistijo, Najsvetej\u0161i zakrament, na ve\u010der pred svojim trpljenjem v blagor vsem vernim. Obujajmo \u010dustva hvale\u017enosti za to veliko in neizmerno dobroto Bo\u017ejega Sina.<br \/>\n   O Gospod, bodi hvaljen in zahvaljen na veke, da si mi dal svoje meso in svojo kri v hrano in pija\u010do!<br \/>\nSv. Vincencij Pavelski<\/p>\n","protected":false},"excerpt":{"rendered":"<p>Preteklost nas vodi skozi sedanjost v upanja polno prihodnost. &#8211; Naj nas Kristus, ve\u010dna Beseda blagoslavlja in opogumlja vse dneve v letu 2015! &#8220;Na\u0161e postno potovanje pomeni, da se vedno bolj poistovetimo s kri\u017eanim Gospodom in danes privzamemo dele\u017e ob trpljenju tolikih kri\u017eanih narodov.&#8221;(R. P. Maloney, C.M.) Na\u0161 Gospod je postavil Evharistijo, Najsvetej\u0161i zakrament, na &hellip; <a href=\"https:\/\/brezmadezna.com\/sl\/md\/vincencij\/dnevi\/\" class=\"more-link\">Continue reading <span class=\"screen-reader-text\">Pomembni dnevi v letu<\/span><\/a><\/p>\n","protected":false},"author":1,"featured_media":0,"parent":7,"menu_order":0,"comment_status":"closed","ping_status":"closed","template":"","meta":{"footnotes":""},"class_list":["post-171","page","type-page","status-publish","hentry"],"_links":{"self":[{"href":"https:\/\/brezmadezna.com\/sl\/wp-json\/wp\/v2\/pages\/171","targetHints":{"allow":["GET"]}}],"collection":[{"href":"https:\/\/brezmadezna.com\/sl\/wp-json\/wp\/v2\/pages"}],"about":[{"href":"https:\/\/brezmadezna.com\/sl\/wp-json\/wp\/v2\/types\/page"}],"author":[{"embeddable":true,"href":"https:\/\/brezmadezna.com\/sl\/wp-json\/wp\/v2\/users\/1"}],"replies":[{"embeddable":true,"href":"https:\/\/brezmadezna.com\/sl\/wp-json\/wp\/v2\/comments?post=171"}],"version-history":[{"count":0,"href":"https:\/\/brezmadezna.com\/sl\/wp-json\/wp\/v2\/pages\/171\/revisions"}],"up":[{"embeddable":true,"href":"https:\/\/brezmadezna.com\/sl\/wp-json\/wp\/v2\/pages\/7"}],"wp:attachment":[{"href":"https:\/\/brezmadezna.com\/sl\/wp-json\/wp\/v2\/media?parent=171"}],"curies":[{"name":"wp","href":"https:\/\/api.w.org\/{rel}","templated":true}]}}