{"id":172,"date":"2015-01-20T07:54:32","date_gmt":"2015-01-20T07:54:32","guid":{"rendered":"http:\/\/brezmadezna.com\/sl\/?page_id=16"},"modified":"2019-01-24T05:49:45","modified_gmt":"2019-01-24T05:49:45","slug":"januar","status":"publish","type":"page","link":"https:\/\/brezmadezna.com\/sl\/md\/vincencij\/dnevi\/januar\/","title":{"rendered":"JANUAR"},"content":{"rendered":"<p>4. 1.: Sv. Elizabeta Ana Bayley \u2013 Seton &#8211; &#8211; prva svetnica, rojena (28. 8. 1774 v New Yorku v episkopalni dru\u017eini) v ZDA. Po mo\u017eevi smrti je leta 1805 postala katoli\u010danka. Ustanovila je sestre kr\u0161\u010danske ljubezni sv. Jo\u017eefa, ki delujejo po vodilu sv. Vincencija Pavelskega. Umrla je v Emmitsburgu 4. 1. 1821, stara 46 let. Za bla\u017eeno je bila razgla\u0161ena 1963 za svetnico pa 1975.<\/p>\n<p>25. 1.: Spreobrnitev apostola sv. Pavla; ustanovni dan Misijonske dru\u017ebe. Ta dan leta 1617 je imel sv. Vincencij pridigo o dolgi ali \u017eivljenjski spovedi v \u017eupnijski cerkvi v Folleville na posestvu grofa Gondija. Pridiga je imela tak\u0161en odmev pri ljudeh, da je moral Vincencij poklicati na pomo\u010d za spovedovanje nekaj duhovnikov. Vincencij je v pridigi in odmevu, ki ga je imela, videl bo\u017eji namig za ustanovitev Dru\u017ebe.<br \/>\nPovod za pridigo je bil obisk Vincencija pri nekem bolnem \u010dloveku, ki je grofici takole priznal: \u00bbGospa, \u010de bi ne bil opravil dolge spovedi (pri Vincenciju), bi moral zaradi velikih grehov, ki se jih nisem spovedal, prav gotovo v ve\u010dne muke.\u00ab<br \/>\nVincencij pa se teh za\u010detkov spominja takole: \u00bbMi smo delali, Bog pa je uresni\u010deval, kar je bil od vekomaj predvidel, in blagoslavljal na\u0161e delo. Ko so to videli nekateri duhovniki, so prosili in dosegli, da smo jih sprejeli medse.\u00ab<\/p>\n<p>Rojstni dnevi sobratov:<br \/>\n1.1.1932: Anton Lavri\u010d,<br \/>\n1.1.1961: Anton Ovtar,<br \/>\n5.1.1971: Roman Travar,<br \/>\n8.1.1941: Risto Delijanov,<br \/>\n26.1.1947: Valentin Bati\u010d<\/p>\n","protected":false},"excerpt":{"rendered":"<p>4. 1.: Sv. Elizabeta Ana Bayley \u2013 Seton &#8211; &#8211; prva svetnica, rojena (28. 8. 1774 v New Yorku v episkopalni dru\u017eini) v ZDA. Po mo\u017eevi smrti je leta 1805 postala katoli\u010danka. Ustanovila je sestre kr\u0161\u010danske ljubezni sv. Jo\u017eefa, ki delujejo po vodilu sv. Vincencija Pavelskega. Umrla je v Emmitsburgu 4. 1. 1821, stara 46 &hellip; <a href=\"https:\/\/brezmadezna.com\/sl\/md\/vincencij\/dnevi\/januar\/\" class=\"more-link\">Continue reading <span class=\"screen-reader-text\">JANUAR<\/span><\/a><\/p>\n","protected":false},"author":1,"featured_media":0,"parent":171,"menu_order":0,"comment_status":"closed","ping_status":"closed","template":"","meta":{"footnotes":""},"class_list":["post-172","page","type-page","status-publish","hentry"],"_links":{"self":[{"href":"https:\/\/brezmadezna.com\/sl\/wp-json\/wp\/v2\/pages\/172","targetHints":{"allow":["GET"]}}],"collection":[{"href":"https:\/\/brezmadezna.com\/sl\/wp-json\/wp\/v2\/pages"}],"about":[{"href":"https:\/\/brezmadezna.com\/sl\/wp-json\/wp\/v2\/types\/page"}],"author":[{"embeddable":true,"href":"https:\/\/brezmadezna.com\/sl\/wp-json\/wp\/v2\/users\/1"}],"replies":[{"embeddable":true,"href":"https:\/\/brezmadezna.com\/sl\/wp-json\/wp\/v2\/comments?post=172"}],"version-history":[{"count":3,"href":"https:\/\/brezmadezna.com\/sl\/wp-json\/wp\/v2\/pages\/172\/revisions"}],"predecessor-version":[{"id":584,"href":"https:\/\/brezmadezna.com\/sl\/wp-json\/wp\/v2\/pages\/172\/revisions\/584"}],"up":[{"embeddable":true,"href":"https:\/\/brezmadezna.com\/sl\/wp-json\/wp\/v2\/pages\/171"}],"wp:attachment":[{"href":"https:\/\/brezmadezna.com\/sl\/wp-json\/wp\/v2\/media?parent=172"}],"curies":[{"name":"wp","href":"https:\/\/api.w.org\/{rel}","templated":true}]}}