{"id":174,"date":"2015-01-20T08:03:16","date_gmt":"2015-01-20T08:03:16","guid":{"rendered":"http:\/\/brezmadezna.com\/sl\/?page_id=30"},"modified":"2019-01-24T05:56:20","modified_gmt":"2019-01-24T05:56:20","slug":"april","status":"publish","type":"page","link":"https:\/\/brezmadezna.com\/sl\/md\/vincencij\/dnevi\/april\/","title":{"rendered":"APRIL"},"content":{"rendered":"<p>26. 4.: Prenos svetinj sv. Vincencija Pavelskega. V \u010dasu divjanja francoske revolucije so krsto z ostanki sv. Vincencija skrili in tako zavarovali pred uni\u010denjem. 25. 4. 1830 je dal pari\u0161ki nad\u0161kof Hijacint Ludvik de Qu\u00e9len ostanke polo\u017eiti v imenitnej\u0161o krsto in iz katedrale prenesti v novo dru\u017ebeno cerkev, kjer ga \u0161e sedaj pobo\u017eno \u010dastijo. Sprevod je bil sestavljen iz \u0161kofov, duhovnikov, redovnikov in redovnic, vernikov; posebej \u0161tevilni so bili revni.\u00a0 Svetinje sv. Vincencija Pavelskega so nad glavnim oltarjem cerkve (hi\u0161ne kapele) na 95, rue de Sevres.<\/p>\n<p style=\"color: #000000; text-indent: 0px; letter-spacing: normal;\">28. 4. &#8211;<span class=\"Apple-converted-space\">\u00a0<\/span><strong>Sv. Ivana Beretta Molla<\/strong><span class=\"Apple-converted-space\">\u00a0<\/span>(1922 &#8211; 1962)<\/p>\n<p style=\"color: #000000; text-indent: 0px; letter-spacing: normal;\"><img loading=\"lazy\" decoding=\"async\" class=\" alignleft\" src=\"https:\/\/brezmadezna.com\/md\/vin\/d\/d-apr_clip_image002.jpg\" alt=\"http:\/\/famvin.org\/wen\/images\/thumb\/8\/8f\/Molla.jpg\/180px-Molla.jpg\" width=\"180\" height=\"240\" \/><\/p>\n<p style=\"color: #000000; text-indent: 0px; letter-spacing: normal;\">Ivana se je rodila 4. oktobra 1922 v Magenti blizu Milana kot deseta med trinajstimi otroki.<\/p>\n<p style=\"color: #000000; text-indent: 0px; letter-spacing: normal;\">Kot \u0161tudentka je Ivana postala \u010dlanica Vincencijeve konference. Dokon\u010dala je \u0161tudij medicine v Paviji leta 1949 in naslednje leto je odprla ambulantno pisarno v Meseru pri Magentu. V slu\u017ebi je posve\u010dela posebno pozornost materam, otrokom, starim in revnim.<\/p>\n<p style=\"color: #000000; text-indent: 0px; letter-spacing: normal;\">Ivana se je poro\u010dila s Petrom Molla 24. septembra 1955 v Magentu. V zakonu so se jima rodili \u0161tirje otroci. Proti koncu drugega meseca nose\u010dnosti s \u010detrtim otrokom, so odkrili benigni tumor na maternici. Predlo\u017eili so ji tri na\u010dine zdravljenja: splav, popolno histeroskopijo ali pa samo odstranitev tumorja. Odlo\u010dila se je za slednje, ker je vedela, da bo le tako ohranila otroka.<\/p>\n<p style=\"color: #000000; text-indent: 0px; letter-spacing: normal;\">Ivana je povedala, da ji je povsem jasno, da je pred izbiro med svojim \u017eivljenjem in \u017eivljenjem \u0161e ne rojenega otroka. Njena \u017eelja in odlo\u010ditev je bila: re\u0161iti otroka. Zdrava deklica se ji je rodila 21. aprila 1962 seveda s cesarskim rezom. Ivana je umrla 28. aprila 1962 \u2013 septic perionitis.<\/p>\n<p style=\"color: #000000; text-indent: 0px; letter-spacing: normal;\">Pape\u017e Janez Pavel II jo je 24. aprila 1994 proglasil med bla\u017eene in 16. maja 2004 med svete. Sv. Ivana je zavetnica mater, nerojenih otrok in zdravnikov.<\/p>\n<p style=\"color: #000000; text-indent: 0px; letter-spacing: normal;\"><strong>Rojstni dnevi sobratov<\/strong><br \/>\n12.4.1934: Anton Pust,<span class=\"Apple-converted-space\">\u00a0<\/span><br \/>\n13.4.1957: Jo\u017ee Adami\u010d,<span class=\"Apple-converted-space\">\u00a0<\/span><br \/>\n17.4.1953: Vladislav Bizant,<span class=\"Apple-converted-space\">\u00a0<\/span><br \/>\n25.4.1953: Alojz Letonja;<span class=\"Apple-converted-space\">\u00a0<\/span><\/p>\n","protected":false},"excerpt":{"rendered":"<p>26. 4.: Prenos svetinj sv. Vincencija Pavelskega. V \u010dasu divjanja francoske revolucije so krsto z ostanki sv. Vincencija skrili in tako zavarovali pred uni\u010denjem. 25. 4. 1830 je dal pari\u0161ki nad\u0161kof Hijacint Ludvik de Qu\u00e9len ostanke polo\u017eiti v imenitnej\u0161o krsto in iz katedrale prenesti v novo dru\u017ebeno cerkev, kjer ga \u0161e sedaj pobo\u017eno \u010dastijo. Sprevod &hellip; <a href=\"https:\/\/brezmadezna.com\/sl\/md\/vincencij\/dnevi\/april\/\" class=\"more-link\">Continue reading <span class=\"screen-reader-text\">APRIL<\/span><\/a><\/p>\n","protected":false},"author":1,"featured_media":0,"parent":171,"menu_order":0,"comment_status":"closed","ping_status":"closed","template":"","meta":{"footnotes":""},"class_list":["post-174","page","type-page","status-publish","hentry"],"_links":{"self":[{"href":"https:\/\/brezmadezna.com\/sl\/wp-json\/wp\/v2\/pages\/174","targetHints":{"allow":["GET"]}}],"collection":[{"href":"https:\/\/brezmadezna.com\/sl\/wp-json\/wp\/v2\/pages"}],"about":[{"href":"https:\/\/brezmadezna.com\/sl\/wp-json\/wp\/v2\/types\/page"}],"author":[{"embeddable":true,"href":"https:\/\/brezmadezna.com\/sl\/wp-json\/wp\/v2\/users\/1"}],"replies":[{"embeddable":true,"href":"https:\/\/brezmadezna.com\/sl\/wp-json\/wp\/v2\/comments?post=174"}],"version-history":[{"count":3,"href":"https:\/\/brezmadezna.com\/sl\/wp-json\/wp\/v2\/pages\/174\/revisions"}],"predecessor-version":[{"id":587,"href":"https:\/\/brezmadezna.com\/sl\/wp-json\/wp\/v2\/pages\/174\/revisions\/587"}],"up":[{"embeddable":true,"href":"https:\/\/brezmadezna.com\/sl\/wp-json\/wp\/v2\/pages\/171"}],"wp:attachment":[{"href":"https:\/\/brezmadezna.com\/sl\/wp-json\/wp\/v2\/media?parent=174"}],"curies":[{"name":"wp","href":"https:\/\/api.w.org\/{rel}","templated":true}]}}