{"id":175,"date":"2015-01-20T08:08:24","date_gmt":"2015-01-20T08:08:24","guid":{"rendered":"http:\/\/brezmadezna.com\/sl\/?page_id=32"},"modified":"2019-01-24T05:57:05","modified_gmt":"2019-01-24T05:57:05","slug":"maj","status":"publish","type":"page","link":"https:\/\/brezmadezna.com\/sl\/md\/vincencij\/dnevi\/maj\/","title":{"rendered":"MAJ"},"content":{"rendered":"<p>23. 5.: Sv. Ivana Antida Thouret, redovnica, dobrodelnica. Leta 1787 je vstopila k usmiljenkam. Ko je revolucionarna oblast leta 1793 razpustila vse redove, je skrbela za revne in bolne. Leta 1799 je v Besan\u00e7onu ustanovila dru\u017ebo sester kr\u0161\u010danske ljubezni pod varstvom sv. Vincencija Pavelskega. Zaradi nastporotvanj v domovini se je preselila v Neaplj, kjer je uspe\u0161no delovala s sestrami, kjer je umrla 24. 8. 1826. Za bla\u017eeno je bila razgla\u0161ena 23. 5. 1926 in leta 1924 za sveto. Njen god se obhaja na dan razglasitve za bla\u017eeno.<\/p>\n<p>Rojstni dnevi sobratov:<br \/>\n01.5.1966: Filip Vici\u0107<br \/>\n06.5.1921: Stanko Boljka,<br \/>\n09.5.1959: Toma\u017e Mavri\u010d,<br \/>\n13.5.1945: Alojz Gaj\u0161ek<br \/>\n17.5.1969: Janez Cerar,<br \/>\n19.5.1960: Pavle Novak,<br \/>\n25.5.1941: Jurij Devetak,<br \/>\n25.5.1942: Janez Puhan,<br \/>\n25.5.1950: Mato Mati\u0107,<br \/>\n28.5.1926: Alojzij Imperl,<br \/>\n31.5.1955. Stanko Gerjolj.<\/p>\n","protected":false},"excerpt":{"rendered":"<p>23. 5.: Sv. Ivana Antida Thouret, redovnica, dobrodelnica. Leta 1787 je vstopila k usmiljenkam. Ko je revolucionarna oblast leta 1793 razpustila vse redove, je skrbela za revne in bolne. Leta 1799 je v Besan\u00e7onu ustanovila dru\u017ebo sester kr\u0161\u010danske ljubezni pod varstvom sv. Vincencija Pavelskega. Zaradi nastporotvanj v domovini se je preselila v Neaplj, kjer je &hellip; <a href=\"https:\/\/brezmadezna.com\/sl\/md\/vincencij\/dnevi\/maj\/\" class=\"more-link\">Continue reading <span class=\"screen-reader-text\">MAJ<\/span><\/a><\/p>\n","protected":false},"author":1,"featured_media":0,"parent":171,"menu_order":0,"comment_status":"closed","ping_status":"closed","template":"","meta":{"footnotes":""},"class_list":["post-175","page","type-page","status-publish","hentry"],"_links":{"self":[{"href":"https:\/\/brezmadezna.com\/sl\/wp-json\/wp\/v2\/pages\/175","targetHints":{"allow":["GET"]}}],"collection":[{"href":"https:\/\/brezmadezna.com\/sl\/wp-json\/wp\/v2\/pages"}],"about":[{"href":"https:\/\/brezmadezna.com\/sl\/wp-json\/wp\/v2\/types\/page"}],"author":[{"embeddable":true,"href":"https:\/\/brezmadezna.com\/sl\/wp-json\/wp\/v2\/users\/1"}],"replies":[{"embeddable":true,"href":"https:\/\/brezmadezna.com\/sl\/wp-json\/wp\/v2\/comments?post=175"}],"version-history":[{"count":3,"href":"https:\/\/brezmadezna.com\/sl\/wp-json\/wp\/v2\/pages\/175\/revisions"}],"predecessor-version":[{"id":588,"href":"https:\/\/brezmadezna.com\/sl\/wp-json\/wp\/v2\/pages\/175\/revisions\/588"}],"up":[{"embeddable":true,"href":"https:\/\/brezmadezna.com\/sl\/wp-json\/wp\/v2\/pages\/171"}],"wp:attachment":[{"href":"https:\/\/brezmadezna.com\/sl\/wp-json\/wp\/v2\/media?parent=175"}],"curies":[{"name":"wp","href":"https:\/\/api.w.org\/{rel}","templated":true}]}}