{"id":176,"date":"2015-01-20T08:09:02","date_gmt":"2015-01-20T08:09:02","guid":{"rendered":"http:\/\/brezmadezna.com\/sl\/?page_id=34"},"modified":"2019-01-24T05:57:35","modified_gmt":"2019-01-24T05:57:35","slug":"junij","status":"publish","type":"page","link":"https:\/\/brezmadezna.com\/sl\/md\/vincencij\/dnevi\/junij\/","title":{"rendered":"JUNIJ"},"content":{"rendered":"<p>26. 6.:<span class=\"Apple-converted-space\">\u00a0<\/span><strong>Bl. Marija Magdalena Fontaine<\/strong><span class=\"Apple-converted-space\">\u00a0<\/span>in sosestre mu\u010denke 1794. Marija Magdalena in tri sosestre usmiljenke bi bile morale \u017ee leta 1791 prise\u010di na revolucionmarno ustavo, a so to odklonile. Ker so imele pri ljudeh velik ugled, jih niso kaznovali, ampak so jim dovilili, da so delovale. 17. 2. 1794 pa so jih zaprli. V je\u010di so bile v pomo\u010d jetnikom. 26. 6. istega leta so jih obsodili na smrt z obglavljenjem. Za bla\u017eene so bile razgla\u0161ene leta 1920.<\/p>\n<p style=\"color: #000000; text-indent: 0px; letter-spacing: normal;\">26. 6. &#8211;<span class=\"Apple-converted-space\">\u00a0<\/span><strong>Bl. Marta Wiecka<\/strong>, dev. (1874 \u2013 1904)<\/p>\n<p style=\"color: #000000; text-indent: 0px; letter-spacing: normal;\"><img loading=\"lazy\" decoding=\"async\" class=\" alignleft\" src=\"https:\/\/brezmadezna.com\/md\/vin\/d\/d-jun_clip_image002.jpg\" alt=\"http:\/\/www.vincenziani.com\/QuadroWieckaBEATA.jpg\" width=\"189\" height=\"216\" \/><\/p>\n<p style=\"color: #000000; text-indent: 0px; letter-spacing: normal;\">Marta je bila rojena 12. januarja 1874 v kraju Nowy Wiec v Pomeriniji na Poljskem kot tretja med trinajstimi otroki. Z enajstim letom je prejela prvo sveto obhajilo. V \u0161olo in k verouku je hodila v 12 km oddaljeni kraj. Zato je morala prav zgodaj vstatjati.<\/p>\n<p style=\"color: #000000; text-indent: 0px; letter-spacing: normal;\">\u017de v otro\u0161tvu se je odra\u017eala njena ljubezen do molitve in pomo\u010di drugim. V dru\u017eini so iskreno \u010dastili presveto Devico Marijo. Z osemnajstim letom je Marta 25. aprila 1892 vstopila k H\u010deram kr\u0161\u010danske ljubezni sv. Vincencija Pavelskega v Krakowu in 12. aprila 1893 je bila preoble\u010dena.<\/p>\n<p style=\"color: #000000; text-indent: 0px; letter-spacing: normal;\">Predstojniki so jo po kon\u010danem noviciatu poslali na delo v bolni\u0161nico v Lvov. Tu je kmalu zaslovela kot sestra, ki ljubi bolnike in jim stre\u017eo s pobo\u017enostjo. Med bolniki pa so bili tudi taki, ki so ji grenili \u017eivljenje s krivi\u010dnimi obto\u017ebani. S. Marta je krivice prena\u0161ala z velik potrpe\u017eljivostjo.<\/p>\n<p style=\"color: #000000; text-indent: 0px; letter-spacing: normal;\">V dvanajstih letih redovni\u0161kega \u017eivljenja je slu\u017eila ubogim v razli\u010dnih bolni\u0161nicah. Ni skrbela le za zdravje teles, ampak tudi za udravje du\u0161e in duha, saj je skrbela, da na njenem oddelku noben bolnik ni umrl brez zakramentov. Celo Judje so prosili za svetio krst.<\/p>\n<p style=\"color: #000000; text-indent: 0px; letter-spacing: normal;\">Meseca julija 1902 je bila prestavljena v Sniatyn, v tamkaj\u0161njo bolni\u0161nico. V slu\u017eenju, ko je prevzela odgovornost za o\u010detom v neki dru\u017eini, je nevarno zbolela za tifusom. Vsi, ki so jo poznali, tudi Judje, so molili za njeno ozdravljenje. Tisti, ki so bili ob njej, ko je poslednji\u010d prejela sveto obhajilo, da je bila po obhajilu v ekstazi. V nekaj dnevih je v bolezni dokon\u010dala zemeljsko bivanje. Z veseljem je izro\u010dila svojo du\u0161o Stvarniku 30. maja 1904 v Sniatynu v Ukrajini. Ljudje vseh anrodnosti in verskih pripadnosti so za\u010deli prihajati molit na njen grob.<\/p>\n<p style=\"color: #000000; text-indent: 0px; letter-spacing: normal;\">Med bla\u017eene je bila progla\u0161ena 24. maja 2008 v Lvovu v Ukrajini.<\/p>\n<p style=\"color: #000000; text-indent: 0px; letter-spacing: normal;\">29. 6.: Na praznik sv. Petra in Pavla, prvaka apostolov so mnogi mnogi duhovniki, \u010dlani Misijonske dru\u017ebe prejeli ma\u0161ni\u0161ko posve\u010denje. V Sloveniji so redno ma\u0161ni\u0161ka posve\u010denja na ta dan.<\/p>\n<p style=\"color: #000000; text-indent: 0px; letter-spacing: normal;\"><strong>Rojstni dnevi sobratov<\/strong><br \/>\n29.6.1948: Pedro Opeka<\/p>\n","protected":false},"excerpt":{"rendered":"<p>26. 6.:\u00a0Bl. Marija Magdalena Fontaine\u00a0in sosestre mu\u010denke 1794. Marija Magdalena in tri sosestre usmiljenke bi bile morale \u017ee leta 1791 prise\u010di na revolucionmarno ustavo, a so to odklonile. Ker so imele pri ljudeh velik ugled, jih niso kaznovali, ampak so jim dovilili, da so delovale. 17. 2. 1794 pa so jih zaprli. V je\u010di so &hellip; <a href=\"https:\/\/brezmadezna.com\/sl\/md\/vincencij\/dnevi\/junij\/\" class=\"more-link\">Continue reading <span class=\"screen-reader-text\">JUNIJ<\/span><\/a><\/p>\n","protected":false},"author":1,"featured_media":0,"parent":171,"menu_order":0,"comment_status":"closed","ping_status":"closed","template":"","meta":{"footnotes":""},"class_list":["post-176","page","type-page","status-publish","hentry"],"_links":{"self":[{"href":"https:\/\/brezmadezna.com\/sl\/wp-json\/wp\/v2\/pages\/176","targetHints":{"allow":["GET"]}}],"collection":[{"href":"https:\/\/brezmadezna.com\/sl\/wp-json\/wp\/v2\/pages"}],"about":[{"href":"https:\/\/brezmadezna.com\/sl\/wp-json\/wp\/v2\/types\/page"}],"author":[{"embeddable":true,"href":"https:\/\/brezmadezna.com\/sl\/wp-json\/wp\/v2\/users\/1"}],"replies":[{"embeddable":true,"href":"https:\/\/brezmadezna.com\/sl\/wp-json\/wp\/v2\/comments?post=176"}],"version-history":[{"count":5,"href":"https:\/\/brezmadezna.com\/sl\/wp-json\/wp\/v2\/pages\/176\/revisions"}],"predecessor-version":[{"id":589,"href":"https:\/\/brezmadezna.com\/sl\/wp-json\/wp\/v2\/pages\/176\/revisions\/589"}],"up":[{"embeddable":true,"href":"https:\/\/brezmadezna.com\/sl\/wp-json\/wp\/v2\/pages\/171"}],"wp:attachment":[{"href":"https:\/\/brezmadezna.com\/sl\/wp-json\/wp\/v2\/media?parent=176"}],"curies":[{"name":"wp","href":"https:\/\/api.w.org\/{rel}","templated":true}]}}