{"id":180,"date":"2015-01-20T08:09:35","date_gmt":"2015-01-20T08:09:35","guid":{"rendered":"http:\/\/brezmadezna.com\/sl\/?page_id=36"},"modified":"2019-01-24T05:58:11","modified_gmt":"2019-01-24T05:58:11","slug":"julij","status":"publish","type":"page","link":"https:\/\/brezmadezna.com\/sl\/md\/vincencij\/dnevi\/julij\/","title":{"rendered":"JULIJ"},"content":{"rendered":"<p style=\"color: #000000; text-indent: 0px; letter-spacing: normal;\">4. 7. &#8211;<span class=\"Apple-converted-space\">\u00a0<\/span><strong>Bl. Peter Jurij Frassati<\/strong><\/p>\n<p style=\"color: #000000; text-indent: 0px; letter-spacing: normal;\" align=\"left\"><img loading=\"lazy\" decoding=\"async\" class=\" alignleft\" src=\"https:\/\/brezmadezna.com\/md\/vin\/d\/d-jul_clip_image002.jpg\" alt=\"Bl Pier Giorgio Frassati\" width=\"157\" height=\"216\" \/><\/p>\n<p style=\"color: #000000; text-indent: 0px; letter-spacing: normal;\">Peter Jurij Frassati je bil rojen 6. aprila 1901 v Turinu. Njegov o\u010de je ustanvil \u010dasopis La Stanpa 1895, mama pa je bila Adelaida Ametis, znana slikarka.<\/p>\n<p style=\"color: #000000; text-indent: 0px; letter-spacing: normal;\">Ko se spominja njegova sestra Lucijana , je Peter nekega dne odgovoril na hi\u0161ni zvonec in pred vrati zagledal mater bera\u010dico s sinom brez \u0107evljev. Peter je de\u010dku podaril svoje \u010devlje.<\/p>\n<p style=\"color: #000000; text-indent: 0px; letter-spacing: normal;\">Leta 1918 je Peter postal \u010dlan Vincencijeve konference. Odlo\u010dil se je za \u0161tudij rudarstva, da med rudaji \u00bbslu\u017eil Kristusu\u00ab.<\/p>\n<p style=\"color: #000000; text-indent: 0px; letter-spacing: normal;\">Ko je dokon\u010dal \u0161tudij, mu je o\u010de kot nagrado ponudil denar ali avto. Peter je izbral denar, ki ga je razdelil med revne. Drugi\u010d je pomagal neki vdovi, bolehala je za tuberkulozo in imela dva sina, ki jih je lastnik stanovanja vrgel na cesto. Za tak\u0161na in podobna dela je zvedela njegova sestra, ker je vse zvesto zapisoval. Sestri je dal navodila, kako naj pomaga tistim, ki so bili odvisni od njegove pomo\u010di.<\/p>\n<p style=\"color: #000000; text-indent: 0px; letter-spacing: normal;\">Peter je bil ljubitelj gora in gorski plezalec. Rad je zahajal v gledali\u0161\u010de in se zanimal za poezijo.<\/p>\n<p style=\"color: #000000; text-indent: 0px; letter-spacing: normal;\">Leta 1922 je postal tretjerednik Dominikanec in si je privzel ime Girolamo, po slavnem pridigarju. Ob slu\u017eenju ubogim se je aktivno vklju\u010deval v politi\u010dno \u017eivljenje. Govoril je: \u00bbDobrodelnost ni dovolj, potrebno so socialne reforme.\u00ab Tako je pomagal ustanoviti katoli\u0161ki dnevnik Momento, ki je temeljil na \u00bbRerum Novarum\u00ab, encikliki Leona XIII.<\/p>\n<p style=\"color: #000000; text-indent: 0px; letter-spacing: normal;\">Leta 1925 so se pokazali znaki otro\u0161ke paralize. Bolezen je hitro napredovala. Ko je bil an smrtni postelji je dal sestri navodila in pisal prijatelju Vincencijeve konference glede petkovih obiskov. Umrl je 4. julija 1925 star komaj 24 let. Tiso\u010di, ki so v mestu Turin vedeli za njegovo slu\u017eenje ubogim, so stali na cesti, ko so peljali njegovo telo k pogrebu in ti so prosili za postopek proglasitve k bla\u017eenim. Postopek se je za\u010del leta 1932. Med bla\u017eene ga je proglasil pape\u017e Janez Pavel II 20. maja 1990.<\/p>\n<p style=\"color: #000000; text-indent: 0px; letter-spacing: normal;\">30. 7.: Sv. Justin de Jacobis, \u0161kof, misijonar v Etiopiji. Rodil se je 9. 10. 1800 v San Foleju v ju\u017eni Italiji. Z osemnajstimi leti je vstopil v Misijonsko dru\u017ebo. Kot duhovnik se je odlikoval s potrpe\u017eljivostjo in pripravljenostjo pomagati.<span class=\"Apple-converted-space\">\u00a0<\/span><br \/>\nLeta 1839 je od\u0161el v misijone v Abesinijo (Etiopijo). Prilagodil se je na\u010dinu \u017eivljenja doma\u010dinov in se tudi obla\u010dil kot oni. Z veliko vnemo se je u\u010dil in nau\u010dil treh glavnih jezikov. Misijonsko je uspe\u0161no deloval. Leta 1845 je odprl semeni\u0161\u010de za vzgojo doma\u010dih duhovnikov. 7. 1. 1849 je bil naskrivaj pono\u010di posve\u010den v \u0161kofa, ker je bilo po zakonu prepovedano, da sme kateri izmed rimskih \u0161kofov v de\u017eelo. Leta 1853 je posvetil 20 duhovnikov.<span class=\"Apple-converted-space\">\u00a0<\/span><br \/>\nLeta 1846 se je za\u010delo preganjanje kristjanov, za kar je dal pobudo poglavar koptskih kristjanov. Nasprotovanja je do\u017eivljal tudi Justin de Jakobis.Leta 1854 se je preganjanje pove\u010dalo, ko je zavladal cesar Cassa. \u0160kofa de Jakobisa so zaprli, ga izpustili in spet zaprli, naposled pa izgnali. Zaradi iz\u010drpanosti jeumrl 31. 7. 1860 v pu\u0111\u0161avi v Aligadu. Leta 1939 je bil razgla\u0161en za bla\u017eenega, 1975 pa za svetega.<span class=\"Apple-converted-space\">\u00a0<\/span><br \/>\nIz pridige de Jakobisa: \u00bbVrata srca so u\u0161esa. Klju\u010d srca je beseda. Ko odprem usta, vam odprem srce. Ko vam govoril, vam dajem klju\u010d do svojega srca. Zato pridite in glejte veliko ljubezen, ki jo je Sveti Duh polo\u017eil v moje srce&#8230; Vi ste zdaj moj o\u010de in moja mati. Vi ste moji bratje. Ali veste, kaj je v mojem srcu? Kako bi bil vesel, \u010de bi vam mogel to pokazati. Najprej je v njem Bog in potem vi!&#8230;\u00ab<span class=\"Apple-converted-space\">\u00a0<\/span><\/p>\n<p><strong>Rojstni dnevi sobratov:<span class=\"Apple-converted-space\">\u00a0<\/span><\/strong><br \/>\n1.7.1952: Marjan Pavlovi\u0107,<span class=\"Apple-converted-space\">\u00a0<\/span><br \/>\n12.7.1943: Rok Gaj\u0161ek,<span class=\"Apple-converted-space\">\u00a0<\/span><br \/>\n22.7.1956: Jakob Barle<\/p>\n","protected":false},"excerpt":{"rendered":"<p>4. 7. &#8211;\u00a0Bl. Peter Jurij Frassati Peter Jurij Frassati je bil rojen 6. aprila 1901 v Turinu. Njegov o\u010de je ustanvil \u010dasopis La Stanpa 1895, mama pa je bila Adelaida Ametis, znana slikarka. Ko se spominja njegova sestra Lucijana , je Peter nekega dne odgovoril na hi\u0161ni zvonec in pred vrati zagledal mater bera\u010dico s &hellip; <a href=\"https:\/\/brezmadezna.com\/sl\/md\/vincencij\/dnevi\/julij\/\" class=\"more-link\">Continue reading <span class=\"screen-reader-text\">JULIJ<\/span><\/a><\/p>\n","protected":false},"author":1,"featured_media":0,"parent":171,"menu_order":0,"comment_status":"closed","ping_status":"closed","template":"","meta":{"footnotes":""},"class_list":["post-180","page","type-page","status-publish","hentry"],"_links":{"self":[{"href":"https:\/\/brezmadezna.com\/sl\/wp-json\/wp\/v2\/pages\/180","targetHints":{"allow":["GET"]}}],"collection":[{"href":"https:\/\/brezmadezna.com\/sl\/wp-json\/wp\/v2\/pages"}],"about":[{"href":"https:\/\/brezmadezna.com\/sl\/wp-json\/wp\/v2\/types\/page"}],"author":[{"embeddable":true,"href":"https:\/\/brezmadezna.com\/sl\/wp-json\/wp\/v2\/users\/1"}],"replies":[{"embeddable":true,"href":"https:\/\/brezmadezna.com\/sl\/wp-json\/wp\/v2\/comments?post=180"}],"version-history":[{"count":2,"href":"https:\/\/brezmadezna.com\/sl\/wp-json\/wp\/v2\/pages\/180\/revisions"}],"predecessor-version":[{"id":590,"href":"https:\/\/brezmadezna.com\/sl\/wp-json\/wp\/v2\/pages\/180\/revisions\/590"}],"up":[{"embeddable":true,"href":"https:\/\/brezmadezna.com\/sl\/wp-json\/wp\/v2\/pages\/171"}],"wp:attachment":[{"href":"https:\/\/brezmadezna.com\/sl\/wp-json\/wp\/v2\/media?parent=180"}],"curies":[{"name":"wp","href":"https:\/\/api.w.org\/{rel}","templated":true}]}}