{"id":38,"date":"2015-01-20T08:10:13","date_gmt":"2015-01-20T08:10:13","guid":{"rendered":"http:\/\/brezmadezna.com\/sl\/?page_id=38"},"modified":"2019-01-24T05:58:42","modified_gmt":"2019-01-24T05:58:42","slug":"avgust","status":"publish","type":"page","link":"https:\/\/brezmadezna.com\/sl\/md\/vincencij\/dnevi\/avgust\/","title":{"rendered":"AVGUST"},"content":{"rendered":"<p>9. 8.<span class=\"Apple-converted-space\">\u00a0<\/span><strong>Bl. Cefferino Jim\u00e9nez Malla<\/strong><span class=\"Apple-converted-space\">\u00a0<\/span>, mu\u010d. (1861-1936)<\/p>\n<p style=\"color: #000000; text-indent: 0px; letter-spacing: normal;\"><img loading=\"lazy\" decoding=\"async\" class=\" alignleft\" src=\"https:\/\/brezmadezna.com\/md\/vin\/d\/d-avg_clip_image002.jpg\" alt=\"http:\/\/www.santiebeati.it\/immagini\/Thumbs\/90025\/90025.JPG\" width=\"144\" height=\"210\" \/><\/p>\n<p style=\"color: #000000; text-indent: 0px; letter-spacing: normal;\">Cefferino Jim\u00e9nez Malla, z imenom \u00bbEl Pele\u00ab, se je rodil 26. avgusta 1861 v kr\u0161\u010danski romski dru\u017eini v Benavent de Segria blizu Lleida. Okrog 40 let je \u017eivel kot nomad. Ustalil in nastanil se je v kraju Barbastro. Poro\u010dil se je leta 1921 s Terezijo Gim\u00e9nez Castro, otrok nista mogla imeti. Posvojila sta ne\u010dakinjo Pepino in jo vzgojila v navadah Romov s posebno ljubeznijo do konjev. Duhovnik-profesor g. Nicholas Santos de Otto je postal duhovni vodja Cefferina.<\/p>\n<p style=\"color: #000000; text-indent: 0px; letter-spacing: normal;\">\u010ceprav je bil nepismen je u\u010dil romske in tudi neromske otroke molitve in osnove katoli\u0161ke vere s citati Svetega pisma. Otroke je navajal k redni vsakdanji molitvi. Sam se je redno udele\u017eval svete ma\u0161e in zaupno \u010dastil Marijo z molitivjo ro\u017enega venca.<\/p>\n<p style=\"color: #000000; text-indent: 0px; letter-spacing: normal;\">Med posameznimi Romskimi skupinami so vladale napetosti. Cefferino je uspel re\u0161iti spor med \u010dlani plemena Kalos in z ostalimi plemeni. Bil je po\u0161ten trgovec z \u017eivino. Leta 1926 je postal fran\u010di\u0161kanski tretjerednik, bil je tudi \u010dlan Vincencijeve konference. Leta 1931 je za\u010del sodelovati pri \u00bbno\u010dni adoraciji\u00ab.<\/p>\n<p style=\"color: #000000; text-indent: 0px; letter-spacing: normal;\">Med \u0161pansko dr\u017eavljansko vojno je branil nekega duhovnika, ki so ga hoteli obsoditi. Zaprli so ga. Pri njem so na\u0161li ro\u017eni venec. Zasli\u0161evalci so ga silili, naj ga raztrga in pohodi. Tega ni storil. Bil je obsojen na smrt in umorjen v Barbastro s skupino duhovnikov, redovnih bratov in nekaj laikov v dnevih med 2. in 9. avgusta 1936. Umrl je vzklikajo\u010d: \u00bb\u017divel Kristus Kralj! VIVA CRISTO REY!\u00ab, dr\u017ee\u010d ro\u017eni venec v roki. Umrl je za vero, ki jo je \u017eivel.<\/p>\n<p style=\"color: #000000; text-indent: 0px; letter-spacing: normal;\">Zgled bla\u017eenega Cefferina pove, da so Roma tudi po\u0161teni, iskreni, zvesti in verni in pripravljeni za ceno \u017eivljenja ohraniti zvestobo do Kristusa in njegove Cerkve.<\/p>\n<p style=\"color: #000000; text-indent: 0px; letter-spacing: normal;\">Leta 1997 ga je pape\u017e Janez Pavel II pri\u0161tel med bla\u017eene. Je prvi iz dru\u017eine Romov, ki je bil povzdignjen med bla\u017eene.<\/p>\n<p style=\"color: #000000; text-indent: 0px; letter-spacing: normal;\" align=\"center\"><strong>O Bog, dobrotljivi O\u010de, s Svetim Duhom in z njegovo mo\u010djo si usposobil bla\u017eenega Ceferina, Roma, da je \u017eivel kr\u0161\u010danstvo v vsej iskrenosti vse do nasilne smrti, ki se ji je pogumno bli\u017eal hode\u010d za Kristusom. Zahvaljujemo se ti za to znamenje usmiljenja, ki si ga izkazal ljudstvom Sinti in Roma in te prosimo: daj nam, da bo priznan za svetnika tvoje Cerkve in nam bo pomagal, da bomo postali pravi kristjani in bomo pripravljeni iti po poti kri\u017ea v upanju, da bomo neko\u010d dele\u017eni tvojega veli\u010dastva.<\/strong><\/p>\n<p style=\"color: #000000; text-indent: 0px; letter-spacing: normal;\" align=\"center\"><strong>Po Kristusu na\u0161em Gospodu. Amen.<\/strong><\/p>\n<p style=\"color: #000000; text-indent: 0px; letter-spacing: normal;\">30. 8.: Bl. Mihael Ghebre, misijonar in mu\u010denec. Rodil se je leta 1788 v Mertule Mirima v pokrajini Go\u017edan. Z desetim letom je vstopil v samostansko \u0161olo. Ko\u010dal jo je z doktoratom. \u010cimbolj je \u0161tudiral, tem bolj sta ga mu\u010dila notranji nemir in \u017eelja spoznati resnico \u2013 o Kristusovi osebi. Potoval je od samostana do samostana, a nikjer ni na\u0161el zadovoljivih odgovorov. Pridru\u017eil se je skupini romarjev v Jeruzalem, ker je upal, da bo tam natan\u010dneje spoznal resnico o Kristusu. Te romarje je vodil misijonar, lazarist Justin de Jakobis. \u0160li so tudi v Rim. To potovanje je med njima spletlo vez prijateljstva. Leta 1844 je izpovedal katoli\u0161ko vero. Kmalu je za\u0161el pou\u0161evati v semeni\u0161\u010du. Katekizem in liturgi\u0161ne knjige je prevedel v abesinski liturgi\u0161ni jezik geez. 1. 1. 1851 je bil posve\u010den v duhovnika in sprejet v Misijonsko dru\u017ebo.<span class=\"Apple-converted-space\">\u00a0<\/span><br \/>\nMed krutim preganjanjem kristjanov pod cesarjem Cassom je bil prijet tudi Mihael. Ker ga s prigovarjanji in gro\u017enjami niso mogli pridobiti za odpad, so ga bi\u010dali in vklenjem v verige je moral spremljati cesarjeve \u010dete. Kon\u010dno se je zbral sodbi zbor, da razsodi. Mihael je sodniku pogumno odgovarjal: \u00bbNe poznam nobenega drugega sodnika v zadevi svoje vere kakor Kristusa in njegovega namestnika na zemlji, pape\u017ea v Rimu! Gotovo ima\u0161 oblast nad mojim telesom, nad du\u0161o pa ne!\u00ab Cesar je razjarjen zaukazal vojakom: \u00bbOdpeljite ga in ustrelite!\u00ab Na posredovanje angle\u0161kega poslanika so smrtno kazen spremenili v dosmrtno je\u010do. Tri mesece so ga vojaki vla\u010dili vklenjenega. Ko je izbruhnila kolera, je bil Mihael prvi, ki je umrl 28. 8.1855. Leta 1826 je bil razgla\u0161en za bla\u017eenega.<\/p>\n","protected":false},"excerpt":{"rendered":"<p>9. 8.\u00a0Bl. Cefferino Jim\u00e9nez Malla\u00a0, mu\u010d. (1861-1936) Cefferino Jim\u00e9nez Malla, z imenom \u00bbEl Pele\u00ab, se je rodil 26. avgusta 1861 v kr\u0161\u010danski romski dru\u017eini v Benavent de Segria blizu Lleida. Okrog 40 let je \u017eivel kot nomad. Ustalil in nastanil se je v kraju Barbastro. Poro\u010dil se je leta 1921 s Terezijo Gim\u00e9nez Castro, otrok &hellip; <a href=\"https:\/\/brezmadezna.com\/sl\/md\/vincencij\/dnevi\/avgust\/\" class=\"more-link\">Continue reading <span class=\"screen-reader-text\">AVGUST<\/span><\/a><\/p>\n","protected":false},"author":1,"featured_media":0,"parent":171,"menu_order":0,"comment_status":"closed","ping_status":"closed","template":"","meta":{"footnotes":""},"class_list":["post-38","page","type-page","status-publish","hentry"],"_links":{"self":[{"href":"https:\/\/brezmadezna.com\/sl\/wp-json\/wp\/v2\/pages\/38","targetHints":{"allow":["GET"]}}],"collection":[{"href":"https:\/\/brezmadezna.com\/sl\/wp-json\/wp\/v2\/pages"}],"about":[{"href":"https:\/\/brezmadezna.com\/sl\/wp-json\/wp\/v2\/types\/page"}],"author":[{"embeddable":true,"href":"https:\/\/brezmadezna.com\/sl\/wp-json\/wp\/v2\/users\/1"}],"replies":[{"embeddable":true,"href":"https:\/\/brezmadezna.com\/sl\/wp-json\/wp\/v2\/comments?post=38"}],"version-history":[{"count":3,"href":"https:\/\/brezmadezna.com\/sl\/wp-json\/wp\/v2\/pages\/38\/revisions"}],"predecessor-version":[{"id":591,"href":"https:\/\/brezmadezna.com\/sl\/wp-json\/wp\/v2\/pages\/38\/revisions\/591"}],"up":[{"embeddable":true,"href":"https:\/\/brezmadezna.com\/sl\/wp-json\/wp\/v2\/pages\/171"}],"wp:attachment":[{"href":"https:\/\/brezmadezna.com\/sl\/wp-json\/wp\/v2\/media?parent=38"}],"curies":[{"name":"wp","href":"https:\/\/api.w.org\/{rel}","templated":true}]}}