{"id":42,"date":"2015-01-20T08:11:27","date_gmt":"2015-01-20T08:11:27","guid":{"rendered":"http:\/\/brezmadezna.com\/sl\/?page_id=42"},"modified":"2015-01-20T08:11:27","modified_gmt":"2015-01-20T08:11:27","slug":"oktober","status":"publish","type":"page","link":"https:\/\/brezmadezna.com\/sl\/md\/vincencij\/dnevi\/oktober\/","title":{"rendered":"OKTOBER"},"content":{"rendered":"<p>25. 10.: Obletnica posvetitve lastne cerkve. Kot za vsako kr\u0161\u010dansko skupnost tako in \u0161e bolj je za vsako redovno skupnost cerkev ali kapela sredi\u0161\u010dna to\u010dka. V bo\u017eji hi\u0161i se skupnost zbira k molitvi in skupnem obhajanju svete evharistije.<br \/>\n   Nove cerkve in kapele se smejo graditi z dovoljenjem krajevnega ordinarija. Cerkev, naj bo \u017eupnijska ali dru\u017ebena je z obredom posvetitve izvzeta in dolo\u010dena za opravljanje bogoslu\u017eja. Na dana\u0161nji dan se po vsem svetu obhaja dan posvetitve cerkva, ki so v lasti Dru\u017ebe, tudi \u010de je datum posve\u010denja druga\u010den. <\/p>\n<p>Rojstni dnevi sobratov:<br \/>\n17.10.1943: Stanko Domanjko,<br \/>\n29.10.1910: Janez Per\u0161in,<br \/>\n29.10.1952: Dario Grbac<\/p>\n","protected":false},"excerpt":{"rendered":"<p>25. 10.: Obletnica posvetitve lastne cerkve. Kot za vsako kr\u0161\u010dansko skupnost tako in \u0161e bolj je za vsako redovno skupnost cerkev ali kapela sredi\u0161\u010dna to\u010dka. V bo\u017eji hi\u0161i se skupnost zbira k molitvi in skupnem obhajanju svete evharistije. Nove cerkve in kapele se smejo graditi z dovoljenjem krajevnega ordinarija. Cerkev, naj bo \u017eupnijska ali dru\u017ebena &hellip; <a href=\"https:\/\/brezmadezna.com\/sl\/md\/vincencij\/dnevi\/oktober\/\" class=\"more-link\">Continue reading <span class=\"screen-reader-text\">OKTOBER<\/span><\/a><\/p>\n","protected":false},"author":1,"featured_media":0,"parent":171,"menu_order":0,"comment_status":"closed","ping_status":"closed","template":"","meta":{"footnotes":""},"class_list":["post-42","page","type-page","status-publish","hentry"],"_links":{"self":[{"href":"https:\/\/brezmadezna.com\/sl\/wp-json\/wp\/v2\/pages\/42","targetHints":{"allow":["GET"]}}],"collection":[{"href":"https:\/\/brezmadezna.com\/sl\/wp-json\/wp\/v2\/pages"}],"about":[{"href":"https:\/\/brezmadezna.com\/sl\/wp-json\/wp\/v2\/types\/page"}],"author":[{"embeddable":true,"href":"https:\/\/brezmadezna.com\/sl\/wp-json\/wp\/v2\/users\/1"}],"replies":[{"embeddable":true,"href":"https:\/\/brezmadezna.com\/sl\/wp-json\/wp\/v2\/comments?post=42"}],"version-history":[{"count":0,"href":"https:\/\/brezmadezna.com\/sl\/wp-json\/wp\/v2\/pages\/42\/revisions"}],"up":[{"embeddable":true,"href":"https:\/\/brezmadezna.com\/sl\/wp-json\/wp\/v2\/pages\/171"}],"wp:attachment":[{"href":"https:\/\/brezmadezna.com\/sl\/wp-json\/wp\/v2\/media?parent=42"}],"curies":[{"name":"wp","href":"https:\/\/api.w.org\/{rel}","templated":true}]}}