{"id":46,"date":"2015-01-20T08:13:02","date_gmt":"2015-01-20T08:13:02","guid":{"rendered":"http:\/\/brezmadezna.com\/sl\/?page_id=46"},"modified":"2019-01-24T06:00:41","modified_gmt":"2019-01-24T06:00:41","slug":"december","status":"publish","type":"page","link":"https:\/\/brezmadezna.com\/sl\/md\/vincencij\/dnevi\/december\/","title":{"rendered":"DECEMBER"},"content":{"rendered":"<p style=\"color: #000000; text-indent: 0px; letter-spacing: normal;\">8. 12.:<span class=\"Apple-converted-space\">\u00a0<\/span><b>Brezmade\u017ena<\/b>, slovesen praznik.<span class=\"Apple-converted-space\">\u00a0<\/span><br \/>\n\u2013 V Dru\u017ebi je \u017ee od nekdaj bila navada, da so se na predve\u010der nekaterih praznikov s posebno molitvijo posvetili (Praznik Srca Jezusovega, Marijino vnebovzetje, Brezmade\u017eno spo\u010detje). Posvetitve so priporo\u010dali generalni superiorji, enega generalni ob\u010dni zbor.<span class=\"Apple-converted-space\">\u00a0<\/span><br \/>\nPosvetitev Brezmade\u017eni nas spomni, da je Marija MATI DRU\u017dBE in mi in na\u0161a dela so njena!<span class=\"Apple-converted-space\">\u00a0<\/span><\/p>\n<p>10. december<br \/>\n<b>Bl. Marko Anton Durando<\/b>, duh. (1801-1880)<br \/>\nMarko Anton Durando se je rodil v mesecu maju 1801 v kraju Mondova v Piedemontu. Po kon\u010dani osnovni \u0161oli je vstopil v \u0161kofijsko malo semeni\u0161\u010de. Ko je \u017ee \u0161tudiral teologijo pri 17 je zaprosil za vstop v Dru\u017ebo. Imel je veliko \u017eeljo iti v misijone na kitajsko, tam bi se pridru\u017eil mnogim sobratom. Po posve\u010denju se njegova \u017eelja ni uresni\u010dila.<span class=\"Apple-converted-space\">\u00a0<\/span><br \/>\nMarko Anton se je z vsem \u017earom posvetil ljudskim misijonom in duhovnemu vodstvu duhvnikov in laikov. Po njegovi zaslugi se je okrepilo \u0161tevilo H\u010dera kr\u0161\u010danske ljubezni v Italiji. Leta 1855 pa je ustanovil dru\u017ebo H\u010dera trpljenja Jezusa nazare\u010dana. Kasneje so sestre poimenovali kar Setre Nazare\u010danke.<span class=\"Apple-converted-space\">\u00a0<\/span><br \/>\nLeta 1822 je bilo v Lyonu v Franciji ustanovljeno Pape\u0161ko zdru\u017eenje za \u0161irjenje vere. Marko Anton in lazaristi so v Italiji \u0161irili to zdru\u017eenje.<span class=\"Apple-converted-space\">\u00a0<\/span><br \/>\nMarko Anton je umrl v Torinu 10. decembra 1880. Pape\u017e Janez Pavel II ga je 10. oktobra 2002 razglasil za bla\u017eenega.<\/p>\n<p style=\"color: #000000; text-indent: 0px; letter-spacing: normal;\"><strong>31. 12. &#8211; Bl. Jo\u017eefina Nicoli<\/strong><span class=\"Apple-converted-space\">\u00a0<\/span>, dev., 1863-1924<\/p>\n<p style=\"color: #000000; text-indent: 0px; letter-spacing: normal;\"><img loading=\"lazy\" decoding=\"async\" class=\" alignleft\" src=\"https:\/\/brezmadezna.com\/md\/vin\/d\/d-dec_clip_image002.jpg\" alt=\"Nicoli.JPG\" width=\"178\" height=\"228\" \/><\/p>\n<p style=\"color: #000000; text-indent: 0px; letter-spacing: normal;\">Rojena je bila 18. novembra 1863 v vasi Casatisma v okolici Pavije. Njen o\u010de je bil sodnik, mama pa odvetnikova h\u010di. Jo\u017eefina je bila peta od desetih otrok. Po naravi je bila izredno prijeten otrok, da so jo vsi imeli radi. Izobrazila se je za u\u010diteljico, v srcu pa nosila tiho \u017eeljo, da bi se posvetila vzgoji ubogih otrok, ki so jo naravno privla\u010dili.<\/p>\n<p style=\"color: #000000; text-indent: 0px; letter-spacing: normal;\">Ko je pri\u0161la v Cagliari na Sardinijo, se je navdu\u0161eno posvetila svojemu novemu poslanstvu. Njeno dleo ej bilo pou\u010devanje deklci v Ustanovi Bo\u017eje previdnosti. Vendar se ni omejila le na pou\u010devanje. Kljub krhkemu zdravju ni gledala nase, zato je pri tridesetih zbolela za plju\u010dno tuberkulozo in zaradi nje trpela do smrti.<\/p>\n<p style=\"color: #000000; text-indent: 0px; letter-spacing: normal;\">Leta 1899 je bila imenovana za predstojnico Siroti\u0161nice v Sassariju. Tu so se njene izrazite \u017eenske sposobnosti, prekaljene v preizku\u0161njah, razcvetele. Dala je nov zagon Zdru\u017eenju Marijinih otrok, zbirala Gospe kr\u0161\u010danske ljubezni in jim svetovala glede slu\u017eenja ubogim, organizirala verou\u010dne te\u010daje, tako da je vsako nedeljo zbirala veliko \u0161tevilo fantov in deklet.<\/p>\n<p style=\"color: #000000; text-indent: 0px; letter-spacing: normal;\">Leta 1910 je bila imenovana za provincialno ekonominjo, od\u0161la je v Turin. Osemnajst mesecev pozneje je bila izbrana za ravnateljico v semeni\u0161\u010du h\u010dera kr\u0161\u010danske ljubezni.<\/p>\n<p style=\"color: #000000; text-indent: 0px; letter-spacing: normal;\">Dne 7. avgusta 1914 jo je Bo\u017eja previdnost pripeljala na Sardinijo v Mornari\u0161ki otro\u0161ki vrtec v Cagliariju.<\/p>\n<p style=\"color: #000000; text-indent: 0px; letter-spacing: normal;\">Poleg rev\u0161\u010dine in materialne bede je s. Jo\u017eefina odkrila tudi notranjo ob\u010dutljivej\u0161o duhovno in moralno ranjenost.<\/p>\n<p style=\"color: #000000; text-indent: 0px; letter-spacing: normal;\">Prav tako je skrbela za mlada dekleta, ki so prihajale s pode\u017eelja in iskale slu\u017ebo v premo\u017enih dru\u017einah. Zbirala jih je in poskrbela je, da so imele nekoliko veselja in razvedrila ter se u\u010dile brati in pisati.<\/p>\n<p style=\"color: #000000; text-indent: 0px; letter-spacing: normal;\">Predvsem pa je s. Jo\u017eefina zaslovela v povezanosti z \u00bbde\u010dki s ko\u0161aro. Ti de\u010dki so odkrili poseben poklic, pre\u017eivl\u010djali so se tako, da so z \u017eelezni\u0161ke postaje ali iz luke prena\u0161ali prtljago ljudem, ki so prihajali v mesto, ali pa so gospem, ki so se vra\u010dale s tr\u017enice, v svojih ko\u0161arah nosili, kar so nakupile.<\/p>\n<p style=\"color: #000000; text-indent: 0px; letter-spacing: normal;\">S Jo\u017eefina se je mladim pribli\u017eala kot dobra, razumevajo\u010da mati; spremenila njihovo imenovanje: \u00bbde\u010dki s ko\u0161aro\u00ab v Marijini fantje.<\/p>\n<p style=\"color: #000000; text-indent: 0px; letter-spacing: normal;\">V zadnjem letu \u017eivljenja je bila s. Jo\u017eefina in njena Mornari\u0161ka skupnost obrekovana. S. Jo\u017eefina je to tiho prena\u0161ala, vse dokler ni. Na smrtni postelji je odpustila predsedniku uprave, ki je priznal svojo napako. \u017dvela je po besedah sv. Vincencija Pavelskega:<span class=\"Apple-converted-space\">\u00a0<\/span><strong>\u00bbV ubogih slu\u017eite Jezusu Kristusu!\u00ab<\/strong><\/p>\n<p style=\"color: #000000; text-indent: 0px; letter-spacing: normal;\"><strong>Rojstni dnevi sobratov:<span class=\"Apple-converted-space\">\u00a0<\/span><\/strong><br \/>\n15.12.1942: msgr. Anton Stres<br \/>\n24.12.1964: \u017dakelj dr. Peter<\/p>\n","protected":false},"excerpt":{"rendered":"<p>8. 12.:\u00a0Brezmade\u017ena, slovesen praznik.\u00a0 \u2013 V Dru\u017ebi je \u017ee od nekdaj bila navada, da so se na predve\u010der nekaterih praznikov s posebno molitvijo posvetili (Praznik Srca Jezusovega, Marijino vnebovzetje, Brezmade\u017eno spo\u010detje). Posvetitve so priporo\u010dali generalni superiorji, enega generalni ob\u010dni zbor.\u00a0 Posvetitev Brezmade\u017eni nas spomni, da je Marija MATI DRU\u017dBE in mi in na\u0161a dela so &hellip; <a href=\"https:\/\/brezmadezna.com\/sl\/md\/vincencij\/dnevi\/december\/\" class=\"more-link\">Continue reading <span class=\"screen-reader-text\">DECEMBER<\/span><\/a><\/p>\n","protected":false},"author":1,"featured_media":0,"parent":171,"menu_order":0,"comment_status":"closed","ping_status":"closed","template":"","meta":{"footnotes":""},"class_list":["post-46","page","type-page","status-publish","hentry"],"_links":{"self":[{"href":"https:\/\/brezmadezna.com\/sl\/wp-json\/wp\/v2\/pages\/46","targetHints":{"allow":["GET"]}}],"collection":[{"href":"https:\/\/brezmadezna.com\/sl\/wp-json\/wp\/v2\/pages"}],"about":[{"href":"https:\/\/brezmadezna.com\/sl\/wp-json\/wp\/v2\/types\/page"}],"author":[{"embeddable":true,"href":"https:\/\/brezmadezna.com\/sl\/wp-json\/wp\/v2\/users\/1"}],"replies":[{"embeddable":true,"href":"https:\/\/brezmadezna.com\/sl\/wp-json\/wp\/v2\/comments?post=46"}],"version-history":[{"count":3,"href":"https:\/\/brezmadezna.com\/sl\/wp-json\/wp\/v2\/pages\/46\/revisions"}],"predecessor-version":[{"id":594,"href":"https:\/\/brezmadezna.com\/sl\/wp-json\/wp\/v2\/pages\/46\/revisions\/594"}],"up":[{"embeddable":true,"href":"https:\/\/brezmadezna.com\/sl\/wp-json\/wp\/v2\/pages\/171"}],"wp:attachment":[{"href":"https:\/\/brezmadezna.com\/sl\/wp-json\/wp\/v2\/media?parent=46"}],"curies":[{"name":"wp","href":"https:\/\/api.w.org\/{rel}","templated":true}]}}