{"id":7,"date":"2015-01-20T07:49:37","date_gmt":"2015-01-20T07:49:37","guid":{"rendered":"http:\/\/brezmadezna.com\/sl\/?page_id=7"},"modified":"2015-01-20T07:49:37","modified_gmt":"2015-01-20T07:49:37","slug":"vincencij","status":"publish","type":"page","link":"https:\/\/brezmadezna.com\/sl\/md\/vincencij\/","title":{"rendered":"Sv. Vincencij"},"content":{"rendered":"<p>Gospod me je mazilil, da prinesem blagovest ubogim (Lk 4, 18).<br \/>\nEvangelizare pauperibus misit me.<\/p>\n<p>Misijonska dru\u017eba ali lazaristi so skupnost apostolskega \u017eivljenja duhovnikov in bratov laikov. Ustanovil jo je sv. Vincencij Pavelski 17. 4. 1625 v Parizu v Franciji.<\/p>\n<p>Sv. Vincencij<\/p>\n<p>      Vincencij Pavelski se je rodil 24. aprila 1581 v kraju Pouy, danes Staint-Vincent-de-Paul, v jugozahodni Franciji, \u0161tiri kilometre od Daxa. Po uspe\u0161nem \u0161olanju je bil 23. 9. 1600 posve\u010den za duhovnika.<br \/>\n       Kot mlad duhovnik je bil ambiciozen. Iskal je duhovni\u0161ko slu\u017ebo, ki bi bila njemu in njegovim doma\u010dim vir dohodkov. V to njegovo prizadevanje je posegla bo\u017eja previdnost in temeljito pretresla njegovo \u017eivljenje ter ga usmerila k nesebi\u010dni evangeljski ljubezni.<br \/>\n       Vincencij je spoznaval, da ga Bog kli\u010de k delu za duhovno in materialno revne na \u017eupniji Clichy (danes predmestje Pariza) in na posestvih dru\u017eine Gondi. Njegova poklicanost se je utrjevala \u0161e na drugih \u017eupnijah, posebej v Chatillon-les-Dombes (Chatillon-sur-Chalaronne) in pozneje, ko je bil vrhovni kurat na kraljevih galejah v Sredozemlju. Povsod se je sre\u010deval z verskim neznanjem, z duhovno in materialno rev\u0161\u010dino.<br \/>\n       Vincencij je umrl 27. 9. 1660. Med bla\u017eene je bil pri\u0161tet 13. 8. 1729, 16. 6. 1737 med svete katoli\u0161ke Cerkve. <\/p>\n<p>Vincencijevo delo <\/p>\n<p>       Pridiga o dolgi spovedi 25. januarja 1617 v Follevillu je bila odlo\u010dilna za poznej\u0161o ustanovitev Misijonske dru\u017ebe (17. 4. 1625). Grofica Gondi je Vincencija in njegove prve pomo\u010dnike materialno podpirala pri delu na ljudskih misijonih. Ljudje na pode\u017eelju so \u017eiveli v velikem verskem neznanju in marsikje tudi v materialni rev\u0161\u010dini. Tem ubogim je Vincencij prina\u0161al blagovest o bo\u017eji ljubezni in usmiljenju.<br \/>\n       Z Ludoviko de Marillac je 23. 11. 1633 ustanovil h\u010dere kr\u0161\u010danske ljubezni &#8211; usmiljenke. Svoje \u017eivljenje so posvetile stre\u017ebi bolnim ter skrbi za revne in zapu\u0161\u010dene.<br \/>\nVincencij organiziral in vodil \u0161tevilne misijone med ljudstvom na pode\u017eelju. Skrbel je tudi za zunanje misijone in poslal misijonarje na Madagaskar. Delal je za vzgojo duhovnikov.<br \/>\n       Organiziral je dobrodelne ustanove in k sodelovanju je pritegnil mnoge bogate in vplivne, tudi nekatere v visokih dr\u017eavnih slu\u017ebah.<br \/>\nZa vodilo svojega \u017eivljenja in delovanje Dru\u017ebe je izbral besede iz Lukovega evangelija: Gospod me je mazilil, da prinesem blagovest ubogim (Lk 4,18). Latinsko besedilo &#8220;Evangelizare pauperibus misit me&#8221; je v uradnem pe\u010datu Misijonske dru\u017ebe.<\/p>\n<p>  Danes <\/p>\n<p>     Vincencijevo delo nadaljujejo na vseh celinah \u010dlani Misijonske dru\u017ebe, h\u010dere kr\u0161\u010danske ljubezni, Vincencijeve konference (v Sloveniji Vincencijeva zveza dobrote), Marijine sestre \u010dudodelne svetinje in verska dobrodelna zdru\u017eenja, dru\u017ebe in organizacije, povezane v vincencijansko dru\u017eino.<br \/>\n       Pape\u017e Leon XIII je sv. Vincencija razglasil za zavetnika vseh dru\u0161tev kr\u0161\u010danske dobrodelnosti.<br \/>\n       Vincencijeva konferenca (v Sloveniji Vincencijeva zveza dobrote) je bila ustanovljena leta 1833. Ustanovitelj Friderik Ozanam je bil med bla\u017eene pri\u0161tet 22. 8. 1997 v Parizu, ko se je pape\u017e Janez Pavel II. udele\u017eil mednarodnega sre\u010danja mladih. <\/p>\n<p> Web Site Copyright Vincentian Fathers &#8211; Lazaristi (Congregation of the Mission) Slovenia &#8211; ustvarjalci<\/p>\n<p>Vincencij Pavelski<\/p>\n<p>slu\u017eba ubogim<\/p>\n","protected":false},"excerpt":{"rendered":"<p>Gospod me je mazilil, da prinesem blagovest ubogim (Lk 4, 18). Evangelizare pauperibus misit me. Misijonska dru\u017eba ali lazaristi so skupnost apostolskega \u017eivljenja duhovnikov in bratov laikov. Ustanovil jo je sv. Vincencij Pavelski 17. 4. 1625 v Parizu v Franciji. Sv. Vincencij Vincencij Pavelski se je rodil 24. aprila 1581 v kraju Pouy, danes Staint-Vincent-de-Paul, &hellip; <a href=\"https:\/\/brezmadezna.com\/sl\/md\/vincencij\/\" class=\"more-link\">Continue reading <span class=\"screen-reader-text\">Sv. Vincencij<\/span><\/a><\/p>\n","protected":false},"author":1,"featured_media":0,"parent":168,"menu_order":0,"comment_status":"closed","ping_status":"closed","template":"","meta":{"footnotes":""},"class_list":["post-7","page","type-page","status-publish","hentry"],"_links":{"self":[{"href":"https:\/\/brezmadezna.com\/sl\/wp-json\/wp\/v2\/pages\/7","targetHints":{"allow":["GET"]}}],"collection":[{"href":"https:\/\/brezmadezna.com\/sl\/wp-json\/wp\/v2\/pages"}],"about":[{"href":"https:\/\/brezmadezna.com\/sl\/wp-json\/wp\/v2\/types\/page"}],"author":[{"embeddable":true,"href":"https:\/\/brezmadezna.com\/sl\/wp-json\/wp\/v2\/users\/1"}],"replies":[{"embeddable":true,"href":"https:\/\/brezmadezna.com\/sl\/wp-json\/wp\/v2\/comments?post=7"}],"version-history":[{"count":0,"href":"https:\/\/brezmadezna.com\/sl\/wp-json\/wp\/v2\/pages\/7\/revisions"}],"up":[{"embeddable":true,"href":"https:\/\/brezmadezna.com\/sl\/wp-json\/wp\/v2\/pages\/168"}],"wp:attachment":[{"href":"https:\/\/brezmadezna.com\/sl\/wp-json\/wp\/v2\/media?parent=7"}],"curies":[{"name":"wp","href":"https:\/\/api.w.org\/{rel}","templated":true}]}}