{"id":83,"date":"2015-01-21T04:02:44","date_gmt":"2015-01-21T04:02:44","guid":{"rendered":"http:\/\/brezmadezna.com\/sl\/?page_id=83"},"modified":"2015-01-21T04:02:44","modified_gmt":"2015-01-21T04:02:44","slug":"ljubljana","status":"publish","type":"page","link":"https:\/\/brezmadezna.com\/sl\/hise\/ljubljana\/","title":{"rendered":"Misijonska hi\u0161a Ljubljana (Provincialat lazaristov)"},"content":{"rendered":"<p><a href=\"https:\/\/brezmadezna.com\/md\/lj\/LJ%20cerkev2.JPG\"><img loading=\"lazy\" decoding=\"async\" class=\" alignright\" src=\"https:\/\/brezmadezna.com\/md\/lj\/LJ_cerkev2a.jpg\" alt=\"Cerkev Srca Jezusovega\" width=\"200\" height=\"301\" align=\"right\" border=\"0\" \/><\/a>Superior: Lojze Gaj\u0161ek, C.M.<br \/>\nMaistrova 2<br \/>\n1000 Ljubljana<br \/>\ntel.: (01) 230-24-64<br \/>\nfax (01) 230-24-74<br \/>\n@: <a href=\"mailto:cm.provincialat@rkc.si\"><span style=\"text-decoration: underline\">cm.provincialat@rkc.si<\/span><\/a><\/p>\n<p>Cerkev Srca Jezusovega: Na\u010drt za cerkev je izdelal arhitekt Adolf Wagner v novogotskem stilu. 14. 5. 1881 je \u0161kof Poga\u010dar blagoslovil temeljni kamen, 1.7.1883 pa jo je posvetil. 19. 7. 1883 je cerkev obiskal cesar Franc Jo\u017eef I., ko se je mudil v Ljubljani.<\/p>\n<p>Misijonarji sv. Vincencija Pavelskega &#8211; lazaristi &#8211; so pri\u0161li v Ljubljano 1.9.1879 na povabilo ljubljanskega \u0161kofa dr. Janeza Z. Poga\u010darja z namenom, da bi vodili duhovne vaje in misijone.<\/p>\n<p>Naselili so se na Poljanah (tedaj Poljanska 24). Hodili so na misijone, vodili duhovne vaje, prevzeli duhovno oskrbo v bolni\u0161nici in pri usmiljenkah ter bili spovedniki v \u0161kofijskem semeni\u0161\u010du.<\/p>\n<p>Da bi mogli la\u017eje in uspe\u0161neje opravljati svoje poslanstvo so na Taboru kupili zemlji\u0161\u010de za zidavo. So\u010dasno s cerkvijo so zgradili hi\u0161o &#8211; stanovanje za duhovnike in bogoslovce. Leta 1888 so v hi\u0161o lazaristov na Taboru na \u017eeljo \u0161kofa Missia pri\u0161li stanovat \u0161kofijski semeni\u0161\u010dniki; eden od misijonarjev je prevzel skrb zanje.<\/p>\n<p>Poleg ljudskih so se posve\u010dali tudi zunanjim misijonom. Za\u010deli so izdajati Misijonski koledar. Misijonska ma\u0161na dru\u017eba jim je podarila posestvo v Grobljah pri Dom\u017ealah z namenom, da bi raz\u0161irili delo za zunanje misijone.<\/p>\n<p>V Grobljah so ustanovili tiskarno, kjer so med drugim tiskali Katoli\u0161ke misijone. Tam je bilo tudi notranje semeni\u0161\u010de (noviciat). Groblje z vsemi zgradbami in imetjem so bile po vojni zaplenjene in nacionalizirane.<\/p>\n<p><img loading=\"lazy\" decoding=\"async\" class=\" alignleft\" src=\"https:\/\/brezmadezna.com\/md\/lj\/LJ1a.jpg\" alt=\"\" width=\"300\" height=\"193\" align=\"LEFT\" border=\"0\" \/>Tudi hi\u0161a na Taboru 12 je bila po vojni zaplenjena. Lazaristom je ostal le hodnik, ki je povezoval hi\u0161o in cerkev. Tu so imeli skromno bivali\u0161\u010de bratje in duhovnik, ki je oskrboval cerkev.<\/p>\n<p><b><a href=\"https:\/\/brezmadezna.com\/md\/lj\/LJ2.jpg\"><img loading=\"lazy\" decoding=\"async\" class=\" aligncenter\" src=\"https:\/\/brezmadezna.com\/md\/lj\/LJ2a.jpg\" alt=\"\" width=\"158\" height=\"113\" align=\"right\" border=\"0\" \/><\/a><\/b>Leta 1967 so lazaristi kupili ve\u010djo hi\u0161o na Maistrovi 2, nedale\u010d od cerkve. Ko so bile na podstre\u0161ju urejene sobe, so se v za\u010detku \u0161olskega leta 1968\/69 naselili ravnatelj dr. Franc Rode in bogoslovci. Od 1962 do 1968 so namre\u010d bogoslovci bivali v kaplaniji v \u0160martnem ob Savi.<b><\/b><\/p>\n<p>\u0160martno ob Savi je bilo v upravi lazaristov od 1. 9. 1962 do 7.9.1987. Prvi superior je bil g. Alojzij Trontelj, zadnji superior pa dr. Anton Stres. Do 1986 je bilo podru\u017enica \u017eupnije sv. Petra v Ljubljani, 7.9.1986 je \u0160martno ob Savi postalo samostojna \u017eupnijo, prvi \u017eupnik pa Jo\u017ee Planin\u0161ek.<\/p>\n<p><strong>Provincialna hi\u0161a<\/strong>: Leta 1919 se je v hi\u0161i na Taboru 12 nastanil vicevizitator. Od leta 1926 pa do 1946 je bil tu sede\u017e province. Po zaplembi hi\u0161e leta 1946 je bil vizitator Lovro Sedej \u0161tiri leta v priporu in zaporu. V teh letih ga je nadome\u0161\u010dal Alojzij Pohar, ki je stanoval pri fran\u010di\u0161kanih v Ljubljani.\u00a0 G. Sedej je po izteku zapornekazne eno leto bival pri bratu v Ljubljani, 7.11.1951 pa se je naselil v Skopju, kjer je ostal do leta 1954. Leta 1969 se je v Ljubljano iz Zagreba-Vrap\u010d preselil vizitator.Tako je po 18 letih spet sede\u017e province v Ljubljani.<\/p>\n<p><strong><img loading=\"lazy\" decoding=\"async\" class=\" alignnone\" src=\"https:\/\/brezmadezna.com\/md\/lj\/LJ3a.jpg\" alt=\"\" width=\"259\" height=\"184\" align=\"RIGHT\" border=\"0\" \/>Dija\u0161ki dom<\/strong>: Leta 1905 so k misijonski hi\u0161i dogradili dija\u0161ki dom. Med prvo svetovno vojno so v njem nekaj hasa bivali vojaki.<\/p>\n<p><strong>Dom sv. Vincencija<\/strong> &#8211; Tabor 12: Leta 1993 je slovenska vlada vrnila nacionalizirano hi\u0161o na Taboru 12, ki je do tedaj slu\u017eila kot dekli\u0161ki dija\u0161ki dom Majde Vrhovnik.<\/p>\n<p><strong>Prijatelj &#8211; \u00a0<\/strong>List prizadetih in njihovih prijateljev: Pred bo\u017ei\u010dem 1968 so bogoslovci razmno\u017eili na osmih straneh <strong>bo\u017ei\u010dno pismo bolnikov.<\/strong> Zamisel je pri\u0161la iz vrst bolnikov; bogoslovci Misijonske dru\u017ebe smo v tem delu hutili na\u0161e poslanstvo.<\/p>\n<p>Pismo je do\u017eivelo velik ugoden odziv in naslednje leto je s \u0161kofijskim dovoljenjem zahel izhajati Prijatelj(ciklostiran). Sedaj izhaja dvomese\u010dnik \u0161estkrat na leto.<\/p>\n<p>Prvi urednik je bil bogoslovec Janez Puhan, za njim je prevzel uredni\u0161tvo Mirko \u0160kufca, nato Jo\u017ee Zupan\u010di\u010d, Vlado Bizant in Toni Burja.<\/p>\n<p>Ob pomo\u010di Prijatelja se je raz\u0161irila povezanost med bolnimi, prizadetimi in njihovimi prijatelji po na\u010delih <em>Kr\u0161\u010danskega bratstva bolnikov.<\/em><\/p>\n<p>Od za\u010deka izhajanja lista Prijatelj (1969)sta bila uredni\u0161tvo in uprava lista na Maistrovi, ko pa je bila obnovljena hi\u0161a na Taboru 12, sta se naselila v novih prostorih.<\/p>\n<p>Uredni\u0161tvo in uprava:<br \/>\nPrijatelj<br \/>\nTabor 12<br \/>\n1000 Ljubljana<br \/>\nTel.: (01) 433-94-10; fax (01)230-24-74<br \/>\n@: <a href=\"mailto:prijatelj@rkc.si\"><span style=\"text-decoration: underline\">prijatelj@rkc.si<\/span><\/a><\/p>\n<p><a href=\"http:\/\/kbbi.rkc.si\/\" target=\"_blank\"><img loading=\"lazy\" decoding=\"async\" class=\" alignleft\" src=\"https:\/\/brezmadezna.com\/md\/lj\/znak_kbbi.jpg\" alt=\"\" width=\"70\" height=\"70\" border=\"0\" hspace=\"12\" \/><\/a><a href=\"http:\/\/kbbi.rkc.si\/\"><span style=\"text-decoration: underline\">Kr\u0161\u010dansko bratstvo bolnikov in invalidov<\/span><\/a><\/p>\n","protected":false},"excerpt":{"rendered":"<p>Superior: Lojze Gaj\u0161ek, C.M. Maistrova 2 1000 Ljubljana tel.: (01) 230-24-64 fax (01) 230-24-74 @: cm.provincialat@rkc.si Cerkev Srca Jezusovega: Na\u010drt za cerkev je izdelal arhitekt Adolf Wagner v novogotskem stilu. 14. 5. 1881 je \u0161kof Poga\u010dar blagoslovil temeljni kamen, 1.7.1883 pa jo je posvetil. 19. 7. 1883 je cerkev obiskal cesar Franc Jo\u017eef I., ko &hellip; <a href=\"https:\/\/brezmadezna.com\/sl\/hise\/ljubljana\/\" class=\"more-link\">Continue reading <span class=\"screen-reader-text\">Misijonska hi\u0161a Ljubljana (Provincialat lazaristov)<\/span><\/a><\/p>\n","protected":false},"author":1,"featured_media":0,"parent":108,"menu_order":0,"comment_status":"closed","ping_status":"closed","template":"","meta":{"footnotes":""},"class_list":["post-83","page","type-page","status-publish","hentry"],"_links":{"self":[{"href":"https:\/\/brezmadezna.com\/sl\/wp-json\/wp\/v2\/pages\/83","targetHints":{"allow":["GET"]}}],"collection":[{"href":"https:\/\/brezmadezna.com\/sl\/wp-json\/wp\/v2\/pages"}],"about":[{"href":"https:\/\/brezmadezna.com\/sl\/wp-json\/wp\/v2\/types\/page"}],"author":[{"embeddable":true,"href":"https:\/\/brezmadezna.com\/sl\/wp-json\/wp\/v2\/users\/1"}],"replies":[{"embeddable":true,"href":"https:\/\/brezmadezna.com\/sl\/wp-json\/wp\/v2\/comments?post=83"}],"version-history":[{"count":0,"href":"https:\/\/brezmadezna.com\/sl\/wp-json\/wp\/v2\/pages\/83\/revisions"}],"up":[{"embeddable":true,"href":"https:\/\/brezmadezna.com\/sl\/wp-json\/wp\/v2\/pages\/108"}],"wp:attachment":[{"href":"https:\/\/brezmadezna.com\/sl\/wp-json\/wp\/v2\/media?parent=83"}],"curies":[{"name":"wp","href":"https:\/\/api.w.org\/{rel}","templated":true}]}}