{"id":86,"date":"2015-01-21T04:11:06","date_gmt":"2015-01-21T04:11:06","guid":{"rendered":"http:\/\/brezmadezna.com\/sl\/?page_id=86"},"modified":"2015-01-21T04:11:06","modified_gmt":"2015-01-21T04:11:06","slug":"celje","status":"publish","type":"page","link":"https:\/\/brezmadezna.com\/sl\/hise\/celje\/","title":{"rendered":"Celje"},"content":{"rendered":"<p><img loading=\"lazy\" decoding=\"async\" class=\" alignright\" src=\"https:\/\/brezmadezna.com\/md\/ce\/celje.jpg\" alt=\"\" width=\"353\" height=\"225\" align=\"Right\" border=\"0\" hspace=\"10\" \/>Lazaristi &#8211;<br \/>\nsuperior: Jo\u017ee Planin\u0161ek, C.M. \u017dupnik: Vlado Bizant, C.M.<\/p>\n<p>Ple\u010dnikova 29<br \/>\n3000 Celje<br \/>\nTel.: (03) 548-37-04<br \/>\nFax: (03) 548-15-96<\/p>\n<p>@ <a href=\"mailto:info@jozef.si\">info@jozef.si<\/a><\/p>\n<p><a href=\"http:\/\/www.jozef.si\/\">Dom sv. Jo\u017eefa<\/a><\/p>\n<p><strong> Cerkev sv. Jo\u017eefa<\/strong> :<\/p>\n<p>Povod za gradnjo cerkve na hribu vzhodno od Celja je bila ku\u017ena bolezen (kuga) leta 1679, ko je v Celju umrlo 74 ljudi. Celjani so v procesiji nesli kri\u017e na ta hrib in se zaobljubili sv. Jo\u017eefu, da bodo zgradili cerkev njemu v \u010dast, \u010de bodo re\u0161eni ku\u017ene bolezni.<\/p>\n<p>Cerkev so gradili ob pomo\u010di sosednjih \u017eupnij od 1680 do 1682. Notranja oprema pa je nastajala naslednja desetletja. Zunanja podoba je v glavnem enaka do dana\u0161njih dni.<\/p>\n<p>Celje je do leta 1751 cekveno-pravno spadalo pod oglejski patriarhat, od leta 1751 do 1789 v gorosko nadskofijo, zatem pa jo je cesar Franc Jo\u017eef II pridru\u017eil lavantinski \u0161kofiji \u2013 takrat s sede\u017eem v \u0160t. Andra\u017eu v Labodski dolini (v dana\u0161nji Avstriji).<\/p>\n<p>28.3.1854 je obiskal Celje in misijonsko hi\u0161o pri sv. Jo\u017eefu Friderik Baraga, \u0161kof med Indijanci v Severni Ameriki.<\/p>\n<p><strong>\u017dupnija<\/strong>: Na god sv. Jo\u017eefa 19.3.1960 je bila razgla\u0161ena nova \u017eupnija sv. Jo\u017eefa. Za\u00a0\u00a0 prvega \u017eupnika je bil imenovan \u00a0 Lovro Sedej. Naslednji \u017eupniki so bili: Franc \u00a0Rode, Andrej Lukan, Anton Rupnik, Stanko Domanjko, Alojz Letonja, Andrej Urbancl, Alojz Gaj\u0161ek, Stanko Domanjko in Jo\u017ee Planin\u0161ek.<\/p>\n<p>24. 9. 2000 je obnovljeno cerkev posvetil mariborski \u0161kof-ordinarij dr. Franc Kramberger.<\/p>\n<p><strong>Misijonarji sv. Vincencija Pavelskega<\/strong> , <strong>lazaristi<\/strong>:<\/p>\n<p>Lazariste je povabil in 26. 9. 1852 slovesno umestil pri Sv. Jo\u017eefu lavantinski \u0161kof Slom\u0161ek, takrat \u017ee s sede\u017eem v Mariboru. Pridigo je imel v sloven\u0161\u010dini in nem\u0161\u010dini ter predstavil misijonarje mno\u017eici vernikov in nad 30 duhovnikom.<\/p>\n<p>S podpisom pogodbe med lazaristi in \u0161kofijo 1. 6. 1860 je Dru\u017eba pravno prevzela v last cerkev in hi\u0161o. Leta 1864 so sklenili zgraditi novo ni\u0161o, kar se je tudi zgodilo v letih 1866\/67. Ob prelomnici stoletja so jo pove\u010dali.<\/p>\n<p>\u0160kof Slom\u0161ek je lazariste povabil v svojo \u0161kofijo z namenom, da bi vodili ljudske misijone in verne varovali pred liberalizmom in brezbo\u0161tvom, ki sta v na\u0161e kraje prodirala kot odmev na francosko revolucijo ter se po drugi svetovni vojni \u0161e razmahnila v komunizmu.<\/p>\n<p>Slom\u0161ek je svoj namen strnil takole: 1. <em>da bi se borili zoper nevero in nevednost;<\/em> 2.<em> da bi se borili zoper nevarni socializem;<\/em> 3. <em> da bi se borili zoper revolucijo in prekucijo. <\/em><\/p>\n<p>Po drugi svetovni vojni je bila hi\u0161a zaplenjena, vendar so delo, za katero je \u0161kof Slom\u0161ek povabil lazariste v svojo \u0161kofijo, kljub velikim te\u017eavam nadaljevali. Ostala jim je le hi\u0161na kapela nad zakristijo. Kapelo in podstre\u0161je nad njo so preuredili v stanovanje. V tem skromnem stanovanju so \u017eiveli do leta 1990, ko je bila hi\u0161a vrnjena in so jo kmalu za\u010deli obnavljati.<\/p>\n<p><strong> Maribor<\/strong>: Od leta 1879 do 1911 so bili lazaristi tudi v Mariboru in sicer pri cerkvi sv. Jo\u017eefa.<\/p>\n<p><strong>\u017dupnija Sv. Jedrt nad La\u0161kim<br \/>\n<\/strong>Sedra\u017e 24, 3270 LA\u0160KO<br \/>\n\u017dupnik: Stanko DOMAJNKO, C.M.<\/p>\n<p><strong>\u017dupnija Dobova<br \/>\n<\/strong>Trg 7. julija 8, 8257 DOBOVA<br \/>\n\u017dupnik: Matej U\u017dMAH, CM<br \/>\nDuh. pomo\u010dnik: Franc RATAJ, CM<\/p>\n<p><strong> \u017dupnija Arti\u010de<br \/>\n<\/strong>Arti\u010de 44, 8253 ARTI\u010cE<br \/>\n\u017dupnik: upr. Matej U\u017dMAH, CM iz Dobove<\/p>\n<p><strong>\u017dupnija Sromlje<br \/>\n<\/strong>Sromlje 7, 8256 SROMLJE<br \/>\n\u017dupnik: upr. Matej U\u017dMAH, CM iz DOBOVE<\/p>\n<p>Arhiv:<\/p>\n<p><strong><a href=\"https:\/\/brezmadezna.com\/md\/ce\/smartno\/smartno.htm\">\u017dupnija \u0160martno pri Slovenj Gradcu<\/a> : (stare informacije)<br \/>\n<\/strong>\u00a0\u017dupnija \u0160martno pri Slov. Gradcu,<br \/>\n\u0160martno 56,\u00a02383 \u0160martno pri Slov. Gradcu<\/p>\n","protected":false},"excerpt":{"rendered":"<p>Lazaristi &#8211; superior: Jo\u017ee Planin\u0161ek, C.M. \u017dupnik: Vlado Bizant, C.M. Ple\u010dnikova 29 3000 Celje Tel.: (03) 548-37-04 Fax: (03) 548-15-96 @ info@jozef.si Dom sv. Jo\u017eefa Cerkev sv. Jo\u017eefa : Povod za gradnjo cerkve na hribu vzhodno od Celja je bila ku\u017ena bolezen (kuga) leta 1679, ko je v Celju umrlo 74 ljudi. Celjani so v &hellip; <a href=\"https:\/\/brezmadezna.com\/sl\/hise\/celje\/\" class=\"more-link\">Continue reading <span class=\"screen-reader-text\">Celje<\/span><\/a><\/p>\n","protected":false},"author":1,"featured_media":0,"parent":108,"menu_order":0,"comment_status":"closed","ping_status":"closed","template":"","meta":{"footnotes":""},"class_list":["post-86","page","type-page","status-publish","hentry"],"_links":{"self":[{"href":"https:\/\/brezmadezna.com\/sl\/wp-json\/wp\/v2\/pages\/86","targetHints":{"allow":["GET"]}}],"collection":[{"href":"https:\/\/brezmadezna.com\/sl\/wp-json\/wp\/v2\/pages"}],"about":[{"href":"https:\/\/brezmadezna.com\/sl\/wp-json\/wp\/v2\/types\/page"}],"author":[{"embeddable":true,"href":"https:\/\/brezmadezna.com\/sl\/wp-json\/wp\/v2\/users\/1"}],"replies":[{"embeddable":true,"href":"https:\/\/brezmadezna.com\/sl\/wp-json\/wp\/v2\/comments?post=86"}],"version-history":[{"count":0,"href":"https:\/\/brezmadezna.com\/sl\/wp-json\/wp\/v2\/pages\/86\/revisions"}],"up":[{"embeddable":true,"href":"https:\/\/brezmadezna.com\/sl\/wp-json\/wp\/v2\/pages\/108"}],"wp:attachment":[{"href":"https:\/\/brezmadezna.com\/sl\/wp-json\/wp\/v2\/media?parent=86"}],"curies":[{"name":"wp","href":"https:\/\/api.w.org\/{rel}","templated":true}]}}