{"id":89,"date":"2015-01-21T04:15:34","date_gmt":"2015-01-21T04:15:34","guid":{"rendered":"http:\/\/brezmadezna.com\/sl\/?page_id=89"},"modified":"2015-01-21T04:15:34","modified_gmt":"2015-01-21T04:15:34","slug":"miren","status":"publish","type":"page","link":"https:\/\/brezmadezna.com\/sl\/hise\/miren\/","title":{"rendered":"Mirenski Grad"},"content":{"rendered":"<p><img loading=\"lazy\" decoding=\"async\" class=\" alignright\" src=\"https:\/\/brezmadezna.com\/md\/mi\/mirengrad.jpg\" alt=\"\" width=\"375\" height=\"198\" align=\"right\" border=\"0\" \/>Lazaristi<br \/>\nSuperior: Jo\u017ee \u017dupan\u010di\u010d<\/p>\n<p><a href=\"http:\/\/www.mirenski-grad.si\/\"><span style=\"text-decoration: underline\">http:\/\/www.mirenski-grad.si<\/span><\/a><\/p>\n<p>Miren 216<br \/>\n5291 Miren<br \/>\nTel.:(05) 398-43-00<br \/>\nFax: (05) 398-43-01<br \/>\n@: <a href=\"mailto:peter.zakelj@siol.net\"><span style=\"text-decoration: underline\">peter.zakelj@siol.net<\/span><\/a><\/p>\n<p><strong>Cerkev \u017dalostne Matere Bo\u017eje<\/strong>: &#8211; Kdaj je bila zgrajena prva cerkvica na Gradu, ni znano, v letu 1486 pa se \u017ee omenja Marijina cerkev. Mirenski \u017eupnik Ivan Maru\u0161i\u010d je poskrbel za novogradnjo cerkve leta 1753. To cerkev so poru\u0161ili 30.5.1914.<\/p>\n<p>Temelje sedanje cerkve so za\u010deli zidati 28. 7. 1862, ko je bil v Mirnu \u017eupnik Janez Eler\u0161i\u010d. Posvetil jo je gor\u0161ki nad\u0161kof Alojz Zorn 5. 9. 1886. Med prvo svetovno vojno je bila popolnoma uni\u010dena. Z obnovo cerkve so za\u010deli v avgustu 1920. Dela so po\u010dasi napredovala, tako je bila v njej bo\u017eja slu\u017eba \u0161ele 17.4.1927. Leta 1931 je v cerkvi zasvetila elektri\u010dna lu\u010d.<img loading=\"lazy\" decoding=\"async\" class=\" alignright\" src=\"https:\/\/brezmadezna.com\/md\/mi\/Grad1a.jpg\" alt=\"\" width=\"298\" height=\"217\" align=\"right\" border=\"0\" \/><\/p>\n<p>Tudi druga svetovna vojna cerkvi ni prizanesla. Za silo popravili, da je 7.9.1945 v njej imel novo ma\u0161o lazarist Lojze Gril, rojak iz Mirna-Japni\u0161\u010da.<\/p>\n<p>Temeljiteje so za\u010deli obnavljati cerkev leta 1955. V letih 1957\/58 je notranjost poslikal akademski slikar Tone Kralj. Naslikal je kri\u017eev pot na lesonitne plo\u0161\u010de. Poleti 1959 je novo ma\u0161o imel lazarist Ivan \u0160tanta, ki je septembra 1962 odpotoval v misijone na Madagaskar.<\/p>\n<p>Nove orgle je postavil mojster Andrej Benda iz Meng\u0161a. Blagoslovil jih je msgr Andrej Sim\u010di\u010d 18.7.1965. Naslednje leto 1966 je zapel novo ma\u0161o lazarist Jurij Devetak, doma\u010din iz Mirna.<\/p>\n<p><strong><span lang=\"SL\"><img loading=\"lazy\" decoding=\"async\" class=\" alignright\" src=\"https:\/\/brezmadezna.com\/md\/mi\/Grad2a.jpg\" alt=\"\" width=\"350\" height=\"256\" align=\"right\" border=\"0\" \/><\/span>Kri\u017eev pot<\/strong>: Mirenski \u017eupnik Ivan Maru\u0161i\u010d je dal leta 1757 ob pe\u0161poti na hrib postaviti postaje kri\u017eevega pota, na vrhu pa Svete stopnice in Kalvarijo, ki jo je blagoslovil 30. 5 1757 gori\u0161ki nad\u0161kof Karel Mihael Attems. Leta 1931 so ob novi cesti na Grad po na\u010drtu Ivana Vurnika postavili kapelice &#8211; postaje kri\u017eevega pota, ki so bile med drugo svetovno vojno po\u0161kodovane. Obnovljene je poslikal slikar Lojze \u010cema\u017ear od 5. do 12. 11. 1985.<\/p>\n<p><strong>Lazaristi: <\/strong><\/p>\n<p>Gori\u0161ki nad\u0161kof je z Misijonsko dru\u017ebo 1.11.1912 sklenil pogodbo, da se naselijo na Gradu, oskrbujejo sveti\u0161\u010de, vodijo misijone in duhovne vaje. Prvi lazaristi so se naselili v me\u017enariji. 24.4.1913 so polo\u017eili in blagoslovili temeljni kamen za misijonsko hi\u0161o vzhodno od prezbiterija. Delo je hitro napredovalo in 17.6.1914 so se \u017ee vselili v novo hi\u0161o. Zaradi vojne in fronte, ki je tod potekala, pa so se morali kmalu umakniti. Hi\u0161a je bila med vojno vihro uni\u010dena. Po vojni so jo obnovili in 1927 so se kon\u010dno vselili. Del hi\u0161e je slu\u017eil za stanovanje misijonarjev, del pa za duhovne vaje.<\/p>\n<p>Hi\u0161a je utrpela veliko \u0161kodo med drugo vojno. \u0160ele leta 1960 so jo za\u010deli temeljiteje obnavljati. Apostolski administrator Mihael Toro\u0161 jo je blagoslovil 19.7.1961. V obnovljeno hi\u0161o so se naselile usmiljenke, misijonarji pa so se nastanili v manj\u0161i hi\u0161i v neposredni bli\u017eini cerkve.<\/p>\n<h1>Dom duhovnih vaj \u2013 Gnidov\u010dev dom<\/h1>\n<p>Spomladi leta 1968 so za\u010deli na mestu gospodarskega poslopja graditi dom za duhovne vaje. Grad je kmalu zaslovel kot kraj za duhovne vaje, duhovna sre\u010danja in duhovni\u0161ke sestanke in te\u010daje. Potrebe so narekovale pove\u010danje doma. Ing. Franc Kvaternik je naredil na\u010drte za nov dom z dvorano; 18.6.1979 je bil blagoslovljen temeljni kamen, novi dom pa 1981 dokon\u010dan. Poimenovali smo ga po svetni\u0161kem kandidatu \u0161kofu-lazaristu Janezu F. Gnidovcu.<\/p>\n<p>Leta 1994 je bila temeljito obnovljena hi\u0161a, kjer stanujejo sobratje. Na Gradu upravljajo romarsko cerkev, duhovno oskrbujejo sestre usmiljenke, pomagajo po okoli\u0161kih \u017eupnijah, vodijo duhovne vaje in ljudske misijone.<\/p>\n<p>&nbsp;<\/p>\n","protected":false},"excerpt":{"rendered":"<p>Lazaristi Superior: Jo\u017ee \u017dupan\u010di\u010d http:\/\/www.mirenski-grad.si Miren 216 5291 Miren Tel.:(05) 398-43-00 Fax: (05) 398-43-01 @: peter.zakelj@siol.net Cerkev \u017dalostne Matere Bo\u017eje: &#8211; Kdaj je bila zgrajena prva cerkvica na Gradu, ni znano, v letu 1486 pa se \u017ee omenja Marijina cerkev. Mirenski \u017eupnik Ivan Maru\u0161i\u010d je poskrbel za novogradnjo cerkve leta 1753. To cerkev so poru\u0161ili &hellip; <a href=\"https:\/\/brezmadezna.com\/sl\/hise\/miren\/\" class=\"more-link\">Continue reading <span class=\"screen-reader-text\">Mirenski Grad<\/span><\/a><\/p>\n","protected":false},"author":1,"featured_media":0,"parent":108,"menu_order":0,"comment_status":"closed","ping_status":"closed","template":"","meta":{"footnotes":""},"class_list":["post-89","page","type-page","status-publish","hentry"],"_links":{"self":[{"href":"https:\/\/brezmadezna.com\/sl\/wp-json\/wp\/v2\/pages\/89","targetHints":{"allow":["GET"]}}],"collection":[{"href":"https:\/\/brezmadezna.com\/sl\/wp-json\/wp\/v2\/pages"}],"about":[{"href":"https:\/\/brezmadezna.com\/sl\/wp-json\/wp\/v2\/types\/page"}],"author":[{"embeddable":true,"href":"https:\/\/brezmadezna.com\/sl\/wp-json\/wp\/v2\/users\/1"}],"replies":[{"embeddable":true,"href":"https:\/\/brezmadezna.com\/sl\/wp-json\/wp\/v2\/comments?post=89"}],"version-history":[{"count":0,"href":"https:\/\/brezmadezna.com\/sl\/wp-json\/wp\/v2\/pages\/89\/revisions"}],"up":[{"embeddable":true,"href":"https:\/\/brezmadezna.com\/sl\/wp-json\/wp\/v2\/pages\/108"}],"wp:attachment":[{"href":"https:\/\/brezmadezna.com\/sl\/wp-json\/wp\/v2\/media?parent=89"}],"curies":[{"name":"wp","href":"https:\/\/api.w.org\/{rel}","templated":true}]}}