{"id":95,"date":"2015-01-21T04:29:06","date_gmt":"2015-01-21T04:29:06","guid":{"rendered":"http:\/\/brezmadezna.com\/sl\/?page_id=95"},"modified":"2015-01-21T04:29:06","modified_gmt":"2015-01-21T04:29:06","slug":"zagreb","status":"publish","type":"page","link":"https:\/\/brezmadezna.com\/sl\/hise\/zagreb\/","title":{"rendered":"Zagreb"},"content":{"rendered":"<h3><img loading=\"lazy\" decoding=\"async\" src=\"https:\/\/brezmadezna.com\/md\/zg\/vrapce2.jpg\" alt=\"\" width=\"204\" height=\"321\" align=\"left\" border=\"1\" hspace=\"10\" \/>Zajednica Lazarista u Hrvatskoj<\/h3>\n<p>Lazaristi<br \/>\nVrap\u010danska 114<br \/>\n10090 Zagreb-Susedgrad<br \/>\nHrva\u0161ka<br \/>\n05 a)<br \/>\nTel.\/Fax: (01) 348-43-12 (\u017eupni\u0161\u010de)<\/p>\n<h5>\nZagreb-Vrap\u010de<\/h5>\n<p>\u017dupnija in cerkev sv. Barbare:<\/p>\n<p>V starem popisu se \u017eupnija omenja \u017ee leta 1334, po drugih virih pa je mogo\u010de njen za\u010detek postaviti \u017ee v leto 1217. Sedanjo cerkev so zgradili v letih 1700 \u2013 1703. Po\u017ear zaradi strele je uni\u010dil ostre\u0161je 28. 7. 1813. Ker so odla\u0161ali s popravilom, so \u0161kodo utrpeli tudi zidovi. Kon\u010dno so cerkev obnovili. Potres leta 1880 je po\u0161kodoval zvonik; popravili so ga leta 1882. Cerkev je bila ve\u010dkrat obnovljena tako zunanaj kot znotraj.<\/p>\n<p>Misijonarji sv. Vincencija Pavelskega \u2013 Lazaristi<\/p>\n<p><img loading=\"lazy\" decoding=\"async\" src=\"https:\/\/brezmadezna.com\/md\/zg\/Zagreba.jpg\" alt=\"\" width=\"280\" height=\"200\" align=\"right\" border=\"0\" \/>Lazaristi so pri\u0161li na Hrva\u0161ko leta 1940, in sicer v \u017eupnijo Svetice pri Karlovcu, kjer so ostali do konca druge svetovne vojne (30.3.1947). Zadnji \u017eupnik je bil Ivan Stra\u0161ek; ubit je bil z lovsko pu\u0161ko, ko se je vra\u010dal z Ozlja, kjer je ma\u0161eval. Leta 1957 se lazaristi ponovno vrnejo na Hrva\u0161ko, in sicer v Stenjevac. Dekan Stjepan Bira\u010d je v svoje prostorno \u017eupni\u0161\u010de sprejel na stanovanje dijake, ki so obiskovali versko gimnazijo na \u0160alati. Prefekt semeni\u0161\u010da je bil Anton Rupnik. G. Rupnik je spomladi leta 1958 hodil iz Stenjevca pomagat bolnemu \u017eupniku v Vrap\u010de in po njegovi smrti 27. 5. 1958 nadaljeval s pastoralnim delom. Nad\u0161kof dr. Franjo \u0160eper je 30. 11. 1958 podpisal dekret, da lazaristi prevzamejo \u017eupnijo sv. Barbare. Za \u017eupnika je bil imenovan g. Andrej Lukan.<\/p>\n<p>\u017dupniki: 1. Andrej Lukan od 1958 do 1966,<br \/>\n2. Janez Smoli\u010d do 1966 do 1971,<br \/>\n3. Rudolf \u0160tavar od 1971 do 1979,<br \/>\n4. Mato Mati\u0107 od 1979 do 1998,<br \/>\n5. Vinko Tomi\u0107 od 1998<\/p>\n<p>Hi\u0161a Vrap\u010de<\/p>\n<p>\u017dupnik Andrej Lukan je takoj za\u010del preurejati \u017eupni\u0161\u010de, da bi se dijaki \u2013 semeni\u0161niki mogli naseliti \u017ee v prihodnjem \u0161olskem letu. Generalni superior g. William Slattery je 2. 6. 1959 ustanovil samostojno hi\u0161o v Vrap\u010du. Za \u0161olsko leto 1959\/60 se je \u017ee vselilo 17 semeni\u0161nikov, ki so poprej stanovali v Stenjevcu.<\/p>\n<p>Superiorji:<\/p>\n<p>1. Lovro Sedej od 2.6. 1959 do 11.8.1959,<br \/>\n2. Andrej Lukan od 12.8.1959 do 16.8.1966,<br \/>\n3. Janez Smoli\u010d od 17.8.1966 do 4.9.1971<br \/>\n4. Stanko Lipov\u0161ek od 5.9.1971 do 4.8.1977<br \/>\n5. Franc Jereb od 5.8.1977 do 17.10.1979<br \/>\n6. Stanko Lipov\u0161ek od 18.10.1979 do 15.9.1982<br \/>\n7. Stanko Domanjko od 16.9.1982 do 14.8.1991<br \/>\n8. Rudolf \u0160tavar od 15.8.1991 do 15.8.1994<br \/>\n9. Dario Grbac od 16.8.1994<\/p>\n<p><strong>Provincialna hi\u0161a:<\/strong> Jeseni 1960 (od 10.9.1960 do3.8.1967) se je vizitator Franc Jereb naselil v Vrap\u010du v \u017eupni\u0161\u010du in tako je vrap\u010danska hi\u0161a postala provincialna hi\u0161a. Novi vizitator Stanko \u017dakelj je prva dva meseca bival v Beogradu, ker je bil ravnatelj usmiljenk, potem pa se je nastanil v Vrap\u010du, od koder se je 14. 10.1969 preselil v Ljubljano na Maistrovo 2.<\/p>\n<p><strong>\u017dupnija<\/strong>: Brezmade\u017eno spo\u0161etje Device Marije \u2013 Oranice: Dekret o ustanovitvi \u017eupnije je bil izdan 4.2.1982, \u017eupnija pa razgla\u0161ena 20. 2. 1982. Za\u010detki \u017eupnije segajo v leto 1966, ko je vrap\u010danski \u017eupnik Janez Smoli\u010d proti koncu tega leta kupil hi\u0161o na Oranicah. Ma\u0161a v zasilni kapeli je bila \u017ee 15.5.1967. \u017dupnik: Marija Pavlovi\u0107<\/p>\n<p><strong>\u017dupnija<\/strong>: Srce Jezusovo v psihiatri\u010dni bolnici v Vrap\u010du in podru\u017enica v Jankomiru s kapelo v \u010dast bl. Alojziju Stepincu. Lazaristi prevzeli v upravo to \u017eupnijo leta 1967 po smrti \u017eupnika Daneta Zubca, \u0161kofijskega duhovnika.<\/p>\n","protected":false},"excerpt":{"rendered":"<p>Zajednica Lazarista u Hrvatskoj Lazaristi Vrap\u010danska 114 10090 Zagreb-Susedgrad Hrva\u0161ka 05 a) Tel.\/Fax: (01) 348-43-12 (\u017eupni\u0161\u010de) Zagreb-Vrap\u010de \u017dupnija in cerkev sv. Barbare: V starem popisu se \u017eupnija omenja \u017ee leta 1334, po drugih virih pa je mogo\u010de njen za\u010detek postaviti \u017ee v leto 1217. Sedanjo cerkev so zgradili v letih 1700 \u2013 1703. Po\u017ear zaradi &hellip; <a href=\"https:\/\/brezmadezna.com\/sl\/hise\/zagreb\/\" class=\"more-link\">Continue reading <span class=\"screen-reader-text\">Zagreb<\/span><\/a><\/p>\n","protected":false},"author":1,"featured_media":0,"parent":108,"menu_order":0,"comment_status":"closed","ping_status":"closed","template":"","meta":{"footnotes":""},"class_list":["post-95","page","type-page","status-publish","hentry"],"_links":{"self":[{"href":"https:\/\/brezmadezna.com\/sl\/wp-json\/wp\/v2\/pages\/95","targetHints":{"allow":["GET"]}}],"collection":[{"href":"https:\/\/brezmadezna.com\/sl\/wp-json\/wp\/v2\/pages"}],"about":[{"href":"https:\/\/brezmadezna.com\/sl\/wp-json\/wp\/v2\/types\/page"}],"author":[{"embeddable":true,"href":"https:\/\/brezmadezna.com\/sl\/wp-json\/wp\/v2\/users\/1"}],"replies":[{"embeddable":true,"href":"https:\/\/brezmadezna.com\/sl\/wp-json\/wp\/v2\/comments?post=95"}],"version-history":[{"count":0,"href":"https:\/\/brezmadezna.com\/sl\/wp-json\/wp\/v2\/pages\/95\/revisions"}],"up":[{"embeddable":true,"href":"https:\/\/brezmadezna.com\/sl\/wp-json\/wp\/v2\/pages\/108"}],"wp:attachment":[{"href":"https:\/\/brezmadezna.com\/sl\/wp-json\/wp\/v2\/media?parent=95"}],"curies":[{"name":"wp","href":"https:\/\/api.w.org\/{rel}","templated":true}]}}