{"id":97,"date":"2015-01-21T04:32:27","date_gmt":"2015-01-21T04:32:27","guid":{"rendered":"http:\/\/brezmadezna.com\/sl\/?page_id=97"},"modified":"2015-01-21T04:32:27","modified_gmt":"2015-01-21T04:32:27","slug":"beograd","status":"publish","type":"page","link":"https:\/\/brezmadezna.com\/sl\/hise\/beograd\/","title":{"rendered":"Beograd"},"content":{"rendered":"<p>\u017dupnija Sv. Cirila in Metoda<img loading=\"lazy\" decoding=\"async\" class=\" alignright\" src=\"https:\/\/brezmadezna.com\/md\/jug\/cerkev_hisaa.jpg\" alt=\"Po\u017ee\u0161ka cerkev in hi\u0161a\" width=\"357\" height=\"239\" align=\"right\" border=\"0\" hspace=\"10\" \/><\/p>\n<p>Po\u017ee\u0161ka 35<br \/>\n11030 Beograd<br \/>\nJugoslavija<br \/>\nTel.: (011) 553-510<\/p>\n<p>Cerkev sv. Cirila in Metoda \u2013 Temeljni kamen je bil polo\u017een 18. 8. 1929. Cerkev je posvetil beograjski nad\u0161kof Rodi\u0107 17.11.1929. Prvi \u017eupnik je postal Andrej Tumpej.<\/p>\n<p>V Srbijo so se v industrijskih in rudarskih mestih naseljevali katoli\u0161ki Slovenci in tudi Hrvatje. Lazaristi so ustanavljali \u201cpodru\u017enice\u201d v krajih, kjer so bile ve\u010dje skupine katoli\u010danov (Rakovica, Valjevo, Obrenovac). Tako so se posvetili delu v diaspori.<\/p>\n<p>Ko je lazarist Janez F. Gnidovec vodil skopsko \u0161kofijo (od 1924 do 1939), so sobratje delovali tudi na Kosovu v \u017eupniji Kosovska Mitrovica in v semeni\u0161\u010du v Prizrenu.<\/p>\n<p>\u017dupniki:<br \/>\n1. Andrej Tumpej od 1929 do 1932;<br \/>\n2. Anton Zde\u0161ar od 1932 do 1934;<br \/>\n3. Andrej Tumpej od 1934 do 1948;<br \/>\n4. Andrej Lukan od 1948 do 1958;<br \/>\n5. Janez Smoli\u010d od 1958 do 1966;<br \/>\n6. Peter Ta\u0161ev od 1966 do 1968;<br \/>\n7. Ivan Plazar od 1968 do 1969;<br \/>\n8. Andrej Lukan od 1969 do 1971;<br \/>\n9. Janez Smoli\u010d od 1971 do 1978;<br \/>\n10. Peter Ta\u0161ev od 1978 do 1988<br \/>\n11. Jurij Devetak od 1988 do 1995<br \/>\n12. Petar Ta\u0161ev od 1995 do 1996<br \/>\n13. Anton Lavri\u010d od 1996 do 2001<br \/>\n14. Petar Ta\u0161ev od 2001 do 2009<br \/>\n15. Lojze Letonja od 2009<\/p>\n<p><strong>Hi\u0161a<\/strong> &#8211; Prvi lazarist g. Alojzij Plantari\u010d se je v Beogradu naselil 27. 8. 1928. Prevzel je duhovno vodstvo usmiljenk in kot verou\u010ditelj v ve\u010d osnovnih \u0161olah.<\/p>\n<p>Na prigovarjanje nuncija Pellegrinettija se je provincialno vodstvo odlo\u010dilo v Beograd poslati ve\u010d sobratov. 6.7. 1929 so kupili vilo in veliko parcelo na \u010cukarici. 1. 10. 1929 je bila uradno ustanovljena hi\u0161a.<\/p>\n<p><strong>\u00a0\u00a0 Provincialna hi\u0161a<\/strong>: Leta 1954 se je tedanji vizitator Lovro Sedej preselil iz Skopja, kjer je bil hi\u0161ni duhovnik pri usmiljenkah od 1951 do 1954. Nasledil ga je vizitator Franc Jereb 9.8.1955, ki je v Beogradu ostal v tej slu\u017ebi do 3.8.1960, ko se je preselil v Vrap\u010de. Novi vizitattor dr. Stanko \u017dakelj je prva dva meca ostal v Beogradu, 16.10. 1967 pa se je nastanil v Zagrebu-Vrap\u010du.<\/p>\n","protected":false},"excerpt":{"rendered":"<p>\u017dupnija Sv. Cirila in Metoda Po\u017ee\u0161ka 35 11030 Beograd Jugoslavija Tel.: (011) 553-510 Cerkev sv. Cirila in Metoda \u2013 Temeljni kamen je bil polo\u017een 18. 8. 1929. Cerkev je posvetil beograjski nad\u0161kof Rodi\u0107 17.11.1929. Prvi \u017eupnik je postal Andrej Tumpej. V Srbijo so se v industrijskih in rudarskih mestih naseljevali katoli\u0161ki Slovenci in tudi Hrvatje. &hellip; <a href=\"https:\/\/brezmadezna.com\/sl\/hise\/beograd\/\" class=\"more-link\">Continue reading <span class=\"screen-reader-text\">Beograd<\/span><\/a><\/p>\n","protected":false},"author":1,"featured_media":0,"parent":108,"menu_order":0,"comment_status":"closed","ping_status":"closed","template":"","meta":{"footnotes":""},"class_list":["post-97","page","type-page","status-publish","hentry"],"_links":{"self":[{"href":"https:\/\/brezmadezna.com\/sl\/wp-json\/wp\/v2\/pages\/97","targetHints":{"allow":["GET"]}}],"collection":[{"href":"https:\/\/brezmadezna.com\/sl\/wp-json\/wp\/v2\/pages"}],"about":[{"href":"https:\/\/brezmadezna.com\/sl\/wp-json\/wp\/v2\/types\/page"}],"author":[{"embeddable":true,"href":"https:\/\/brezmadezna.com\/sl\/wp-json\/wp\/v2\/users\/1"}],"replies":[{"embeddable":true,"href":"https:\/\/brezmadezna.com\/sl\/wp-json\/wp\/v2\/comments?post=97"}],"version-history":[{"count":0,"href":"https:\/\/brezmadezna.com\/sl\/wp-json\/wp\/v2\/pages\/97\/revisions"}],"up":[{"embeddable":true,"href":"https:\/\/brezmadezna.com\/sl\/wp-json\/wp\/v2\/pages\/108"}],"wp:attachment":[{"href":"https:\/\/brezmadezna.com\/sl\/wp-json\/wp\/v2\/media?parent=97"}],"curies":[{"name":"wp","href":"https:\/\/api.w.org\/{rel}","templated":true}]}}